{"id":137285,"date":"2020-03-31T09:50:06","date_gmt":"2020-03-31T07:50:06","guid":{"rendered":"https:\/\/sportsbettingbros.com\/de\/?page_id=137285"},"modified":"2020-03-31T09:51:01","modified_gmt":"2020-03-31T07:51:01","slug":"esports","status":"publish","type":"page","link":"https:\/\/sportsbettingbros.com\/de\/esports\/","title":{"rendered":"Wetten auf eSports &#038; Beste Bookies: CS-GO, Dota 2, LoL"},"content":{"rendered":"<p>Sp\u00e4testens seit der Corona Epidemie ist klar: eSports ist eine echte Alternative. Und es ist vor allem eine krisensichere Sportart auf die man wirklich jederzeit wetten kann. Und das beste daran ist, dass das Angebot inzwischen richtig gut geworden ist. Beim eSports handelt es sich um virtuelle Partien mit den verschiedensten Spielen. Von Shootern wie Counter Strike \u00fcber Fu\u00dfball mit Fifa und Strategiespiele wie League of Legends. F\u00fcr alle diese Sportarten gibt es Ligen in denen die Spieler oder Clans\/Teams gegeneinander antreten. Und hier geht es auch um richtige Preisgelder.<\/p>\n<h2>Live Wetten mit eSports<\/h2>\n<p>eSports ist au\u00dferdem eine Sportart die sich perfekt f\u00fcr live Wetten eignet. Der Grund ist einfach der, dass so viel in so kurzer Zeit passiert. Da k\u00f6nnen einige richtige Sportarten definitiv nicht mithalten. F\u00fcr die Buchmacher ist es au\u00dferdem ziemlich einfach weil die Odds im Hintergrund automatisch berechnet werden. So ist es m\u00f6glich das Angebot effizient zur Verf\u00fcgung zu stellen. Du hast dann eben nicht nur eine sehr gro\u00dfe Auswahl an Spielen, sondern auch an unterschiedlichen Wetten: Wer macht den ersten Kill? Welches Team gewinnt die Runde? Wie wird die Runde gewonnen? Und so weiter. Solche Runden dauern meist nur wenige Minuten und daher ist auch in kurzer Zeit viel Action geboten. Nicht etwa wie beim Fu\u00dfball wo ein Spiel 90min dauert.<\/p>\n<h2>Live Streaming<\/h2>\n<p>Wettest du auf normale Sportarten musst du parallel irgendwo das Spiel verfolgen. Oft ist es sogar nicht m\u00f6glich bzw. kostenpflichtig. Du kannst dann also die Partie nur verfolgen wenn du ein entsprechendes Abo z.B. bei Sky oder Eurosport hast. Und ehrlich gesagt ist es ziemlich langweilig zu wetten wenn du die Ergebnisse nicht live verfolgen und mitfiebern kannst.<\/p>\n<p>Praktisch bei allen eSports gibt es live Streaming, meist \u00fcber Twitch. Und das absolut kostenlos und teilweise nicht einmal mit Werbeeinblendungen. Gute Wettanbieter haben einen integrierten Bildschirm direkt bei den live Wetten. So kannst du die Partie verfolgen und parallel deine Eins\u00e4tze t\u00e4tigen. Ich muss ehrlicherweise sagen, dass mich das wirklich begeistert und live Wetten auf ein neues Level bringt.<\/p>\n<h2>Die besten Bookies f\u00fcr eSports<\/h2>\n<p>Und jetzt wird es interessant: etablierte Bookies die bereits Milliarden Ums\u00e4tze mit normalen Sportwetten machen, sind eben nicht die die bei eSports vorne dabei sind. Manche ignorieren dieses Gebiet v\u00f6llig und werden das fr\u00fcher oder sp\u00e4ter sicherlich bereuen. eSports ist ein absoluter Wachstumsmarkt und bietet gegen\u00fcber normalen Sportarten so viele Vorteile. Hier werden sich ganz neue Anbieter heraus kristallisieren die hier eben eine gute Arbeit erledigen.<\/p>\n<p>Die unserer Meinung nach besten Bookies f\u00fcr eSports &#8211; gerade was live Wetten angeht sind f\u00fcr 2020 folgende:<\/p>\n<p>1. Pinnacle Sports<br \/>\n2. Stake.com<br \/>\n3. 1xbit<br \/>\n4. Buff.bet<br \/>\n5. LeoVegas<\/p>\n<h2>Die beliebtesten eSports Spiele und Ligen<\/h2>\n<p>Folgende Ligen und Spiele sind aktuell die f\u00fchrenden eSports:<br \/>\n1. Counter Strike<br \/>\n2. League of Legends<br \/>\n3. Dota 2<br \/>\n4. Fifa<br \/>\n5. Rainbow Six<\/p>\n","protected":false},"excerpt":{"rendered":"<p>Sp\u00e4testens seit der Corona Epidemie ist klar: eSports ist eine echte Alternative. Und es ist vor allem eine krisensichere Sportart auf die man wirklich jederzeit wetten kann. Und das beste daran ist, dass das Angebot inzwischen richtig gut geworden ist.<a class=\"excerpt-read-more\" href=\"https:\/\/sportsbettingbros.com\/de\/esports\/\" title=\"ReadWetten auf eSports &#038; Beste Bookies: CS-GO, Dota 2, LoL\">&#8230; Read more &raquo;<\/a><\/p>\n","protected":false},"author":1,"featured_media":0,"parent":0,"menu_order":0,"comment_status":"closed","ping_status":"closed","template":"","meta":[],"yoast_head":"<!-- This site is optimized with the Yoast SEO plugin v19.4 - https:\/\/yoast.com\/wordpress\/plugins\/seo\/ -->\n<title>Wetten auf eSports &amp; Beste Bookies: CS-GO, Dota 2, LoL - SportsBettingBros<\/title>\n<meta name=\"robots\" content=\"index, follow, max-snippet:-1, max-image-preview:large, max-video-preview:-1\" \/>\n<link rel=\"canonical\" href=\"https:\/\/sportsbettingbros.com\/de\/esports\/\" \/>\n<meta property=\"og:locale\" content=\"de_DE\" \/>\n<meta property=\"og:type\" content=\"article\" \/>\n<meta property=\"og:title\" content=\"Wetten auf eSports &amp; Beste Bookies: CS-GO, Dota 2, LoL - SportsBettingBros\" \/>\n<meta property=\"og:description\" content=\"Sp\u00e4testens seit der Corona Epidemie ist klar: eSports ist eine echte Alternative. Und es ist vor allem eine krisensichere Sportart auf die man wirklich jederzeit wetten kann. Und das beste daran ist, dass das Angebot inzwischen richtig gut geworden ist.... Read more &raquo;\" \/>\n<meta property=\"og:url\" content=\"https:\/\/sportsbettingbros.com\/de\/esports\/\" \/>\n<meta property=\"og:site_name\" content=\"SportsBettingBros\" \/>\n<meta property=\"article:modified_time\" content=\"2020-03-31T07:51:01+00:00\" \/>\n<meta name=\"twitter:card\" content=\"summary_large_image\" \/>\n<meta name=\"twitter:label1\" content=\"Gesch\u00e4tzte Lesezeit\" \/>\n\t<meta name=\"twitter:data1\" content=\"2\u00a0Minuten\" \/>\n<script type=\"application\/ld+json\" class=\"yoast-schema-graph\">{\"@context\":\"https:\/\/schema.org\",\"@graph\":[{\"@type\":\"WebSite\",\"@id\":\"https:\/\/sportsbettingbros.com\/de\/#website\",\"url\":\"https:\/\/sportsbettingbros.com\/de\/\",\"name\":\"SportsBettingBros\",\"description\":\"\",\"potentialAction\":[{\"@type\":\"SearchAction\",\"target\":{\"@type\":\"EntryPoint\",\"urlTemplate\":\"https:\/\/sportsbettingbros.com\/de\/?s={search_term_string}\"},\"query-input\":\"required name=search_term_string\"}],\"inLanguage\":\"de\"},{\"@type\":\"WebPage\",\"@id\":\"https:\/\/sportsbettingbros.com\/de\/esports\/\",\"url\":\"https:\/\/sportsbettingbros.com\/de\/esports\/\",\"name\":\"Wetten auf eSports & Beste Bookies: CS-GO, Dota 2, LoL - SportsBettingBros\",\"isPartOf\":{\"@id\":\"https:\/\/sportsbettingbros.com\/de\/#website\"},\"datePublished\":\"2020-03-31T07:50:06+00:00\",\"dateModified\":\"2020-03-31T07:51:01+00:00\",\"breadcrumb\":{\"@id\":\"https:\/\/sportsbettingbros.com\/de\/esports\/#breadcrumb\"},\"inLanguage\":\"de\",\"potentialAction\":[{\"@type\":\"ReadAction\",\"target\":[\"https:\/\/sportsbettingbros.com\/de\/esports\/\"]}]},{\"@type\":\"BreadcrumbList\",\"@id\":\"https:\/\/sportsbettingbros.com\/de\/esports\/#breadcrumb\",\"itemListElement\":[{\"@type\":\"ListItem\",\"position\":1,\"name\":\"Home\",\"item\":\"https:\/\/sportsbettingbros.com\/de\/\"},{\"@type\":\"ListItem\",\"position\":2,\"name\":\"Wetten auf eSports &#038; Beste Bookies: CS-GO, Dota 2, LoL\"}]}]}<\/script>\n<!-- \/ Yoast SEO plugin. -->","yoast_head_json":{"title":"Wetten auf eSports & Beste Bookies: CS-GO, Dota 2, LoL - SportsBettingBros","robots":{"index":"index","follow":"follow","max-snippet":"max-snippet:-1","max-image-preview":"max-image-preview:large","max-video-preview":"max-video-preview:-1"},"canonical":"https:\/\/sportsbettingbros.com\/de\/esports\/","og_locale":"de_DE","og_type":"article","og_title":"Wetten auf eSports & Beste Bookies: CS-GO, Dota 2, LoL - SportsBettingBros","og_description":"Sp\u00e4testens seit der Corona Epidemie ist klar: eSports ist eine echte Alternative. Und es ist vor allem eine krisensichere Sportart auf die man wirklich jederzeit wetten kann. Und das beste daran ist, dass das Angebot inzwischen richtig gut geworden ist.... Read more &raquo;","og_url":"https:\/\/sportsbettingbros.com\/de\/esports\/","og_site_name":"SportsBettingBros","article_modified_time":"2020-03-31T07:51:01+00:00","twitter_card":"summary_large_image","twitter_misc":{"Gesch\u00e4tzte Lesezeit":"2\u00a0Minuten"},"schema":{"@context":"https:\/\/schema.org","@graph":[{"@type":"WebSite","@id":"https:\/\/sportsbettingbros.com\/de\/#website","url":"https:\/\/sportsbettingbros.com\/de\/","name":"SportsBettingBros","description":"","potentialAction":[{"@type":"SearchAction","target":{"@type":"EntryPoint","urlTemplate":"https:\/\/sportsbettingbros.com\/de\/?s={search_term_string}"},"query-input":"required name=search_term_string"}],"inLanguage":"de"},{"@type":"WebPage","@id":"https:\/\/sportsbettingbros.com\/de\/esports\/","url":"https:\/\/sportsbettingbros.com\/de\/esports\/","name":"Wetten auf eSports & Beste Bookies: CS-GO, Dota 2, LoL - SportsBettingBros","isPartOf":{"@id":"https:\/\/sportsbettingbros.com\/de\/#website"},"datePublished":"2020-03-31T07:50:06+00:00","dateModified":"2020-03-31T07:51:01+00:00","breadcrumb":{"@id":"https:\/\/sportsbettingbros.com\/de\/esports\/#breadcrumb"},"inLanguage":"de","potentialAction":[{"@type":"ReadAction","target":["https:\/\/sportsbettingbros.com\/de\/esports\/"]}]},{"@type":"BreadcrumbList","@id":"https:\/\/sportsbettingbros.com\/de\/esports\/#breadcrumb","itemListElement":[{"@type":"ListItem","position":1,"name":"Home","item":"https:\/\/sportsbettingbros.com\/de\/"},{"@type":"ListItem","position":2,"name":"Wetten auf eSports &#038; Beste Bookies: CS-GO, Dota 2, LoL"}]}]}},"_links":{"self":[{"href":"https:\/\/sportsbettingbros.com\/de\/wp-json\/wp\/v2\/pages\/137285"}],"collection":[{"href":"https:\/\/sportsbettingbros.com\/de\/wp-json\/wp\/v2\/pages"}],"about":[{"href":"https:\/\/sportsbettingbros.com\/de\/wp-json\/wp\/v2\/types\/page"}],"author":[{"embeddable":true,"href":"https:\/\/sportsbettingbros.com\/de\/wp-json\/wp\/v2\/users\/1"}],"replies":[{"embeddable":true,"href":"https:\/\/sportsbettingbros.com\/de\/wp-json\/wp\/v2\/comments?post=137285"}],"version-history":[{"count":2,"href":"https:\/\/sportsbettingbros.com\/de\/wp-json\/wp\/v2\/pages\/137285\/revisions"}],"predecessor-version":[{"id":137288,"href":"https:\/\/sportsbettingbros.com\/de\/wp-json\/wp\/v2\/pages\/137285\/revisions\/137288"}],"wp:attachment":[{"href":"https:\/\/sportsbettingbros.com\/de\/wp-json\/wp\/v2\/media?parent=137285"}],"curies":[{"name":"wp","href":"https:\/\/api.w.org\/{rel}","templated":true}]}}