{"id":40,"date":"2019-01-16T12:46:34","date_gmt":"2019-01-16T11:46:34","guid":{"rendered":"https:\/\/sportsbettingbros.com\/?page_id=40"},"modified":"2020-04-02T11:33:06","modified_gmt":"2020-04-02T09:33:06","slug":"ethereum","status":"publish","type":"page","link":"https:\/\/sportsbettingbros.com\/de\/deposit\/ethereum\/","title":{"rendered":"Ethereum Sportwetten: Wie funktionieren Buchmacher mit Ether?"},"content":{"rendered":"\n<p>Dank der Krypto-W\u00e4hrungen sind Sportwetten einfacher und sicherer als je zuvor geworden. Obwohl die BTC die beliebteste Form der Kryptow\u00e4hrung im Internet ist, ist sie leider nicht die beste, mit der man arbeiten kann. Mehr als die H\u00e4lfte der Kryptow\u00e4hrung in der Sportwettenindustrie wird von BTC kontrolliert, aber so sehr es auch der Gro\u00dfteil ist, die Verwendung ist eine so gro\u00dfe Belastung.<\/p>\n\n\n\n<p>Manchmal muss man den ganzen Tag auf die Bearbeitung einer Einzahlung warten. Aber die gute Nachricht ist, dass es viele andere M\u00fcnzen wie Ethereum gibt, die k\u00fcrzere Wartezeiten bieten. Ethereum ist inzwischen sehr beliebt bei den Menschen, aber leider haben nur sehr wenige Online-Sportwettenseiten es \u00fcbernommen. Trotzdem werden wir Sie noch durch die Grundlagen des Ethereum-Gl\u00fccksspiels f\u00fchren. Wir konzentrieren uns darauf:<\/p>\n\n\n\n<h2>Wie Sie Ethereum online kaufen und einzahlen k\u00f6nnen<\/h2>\n\n\n\n<p>Wie Sie Ethereum nutzen k\u00f6nnen &#8211; In-Play-Wetten, Ethereum-Handel, Sportwetten<\/p>\n\n\n\n<p>Erstellen eines Kontos auf den Ethereum-Wettb\u00fcros<\/p>\n\n\n\n<p>Ethereum online kaufen und bei online Buchmachern einzahlen<\/p>\n\n\n\n<p>Ethereum wurde geschaffen, um einem globalen W\u00e4hrungssystem zu dienen, ohne dass eine Zentralbank erforderlich ist. Wie wir bereits erw\u00e4hnt haben, hat diese W\u00e4hrung Hauptmerkmale wie die Schnelligkeit des Transfers, Anonymit\u00e4t und niedrige Transaktionsgeb\u00fchren, wodurch sie sich ideal f\u00fcr Sportwetten eignet. Wenn Sie sich der Ethereum-Revolution anschlie\u00dfen m\u00fcssen, ist es wichtig, dass Sie wissen, wie Sie sie kaufen k\u00f6nnen.<\/p>\n\n\n\n<p>Der Kauf von Ethereum ist der schnellste Weg zur Teilnahme an einer der gr\u00f6\u00dften Revolution seit der Erfindung des Papiergeldes. Zum Gl\u00fcck sind die Zeiten vorbei, in denen man unter Anleitung eines IT-Experten und wochenlangem Warten M\u00fcnzen kaufen musste.<\/p>\n\n\n\n<p>Ethereum ist die zweitgr\u00f6\u00dfte Krypto-W\u00e4hrung in Bezug auf Gr\u00f6\u00dfe und Wert in der Krypto-W\u00e4hrungsindustrie. Es ist auch eines der am meisten akzeptierten Zahlungsmittel auf den Online-Plattformen, einschlie\u00dflich der Sportwettenseiten. Und wenn Sie sich einige Ethereum-M\u00fcnzen besorgen m\u00fcssen, k\u00f6nnen Sie dies \u00fcber zwei Hauptmethoden tun: Sie k\u00f6nnen sie auf dem freien Markt kaufen oder die neu gepr\u00e4gten M\u00fcnzen pr\u00e4gen lassen.<\/p>\n\n\n\n<p>Der Abbau ist ein sehr komplizierter und kostspieliger Prozess, wenn Sie also Ethereum-M\u00fcnzen f\u00fcr Online-Wetten erwerben m\u00fcssten, dann durch den Kauf von Online-M\u00fcnzen. Dieser Abschnitt wird sich darauf konzentrieren, Wege aufzuzeigen, wie Sie Ihr Bargeld ganz einfach und schnell in Ethereum verwandeln k\u00f6nnen.<\/p>\n\n\n\n<h2>Kauf von Ethereum auf den Offenen M\u00e4rkten<\/h2>\n\n\n\n<p>Die Umwandlung Ihres (Euro, GBP, USD, etc.) in Ethereum war fr\u00fcher eine schwierige Aufgabe. Aber mit der st\u00e4ndig wachsenden Popularit\u00e4t sind immer neue und freundlichere Optionen aufgetaucht. Sie ben\u00f6tigen nur drei Schritte, um dies zu vollenden.<\/p>\n\n\n\n<h3>Schritt 1: Sie m\u00fcssen eine Ethereum-Brieftasche einrichten<\/h3>\n\n\n\n<p>Der erste Schritt besteht darin, eine Ethereum-Brieftasche auszuw\u00e4hlen und einzurichten. \u00c4hnlich wie Ihr Bankkonto ist die Brieftasche unerl\u00e4sslich, um M\u00fcnzen auf Ihr Konto ein- und auszulagern. Sie fungiert als Vermittler. Und \u00e4hnlich wie Ihr Bankkonto gibt es Brieftaschen in allen Geschmacksrichtungen, je nach Ihren Vorlieben.<\/p>\n\n\n\n<p>Als Anf\u00e4nger empfehlen wir Brieftaschen wie TREZOR und Metamask. Wir empfehlen diese beiden, weil sie es Ihnen erm\u00f6glichen, Ihr Konto \u00fcber die wichtigsten Plattformen wie Android, iOS, Mac, Windows und Linus OS zu synchronisieren.<\/p>\n\n\n\n<h3>Schritt 2: Auswahl der besten Plattform, auf der Ethereum verkauft wird<\/h3>\n\n\n\n<p>Dies h\u00e4ngt stark von der Verf\u00fcgbarkeit in Ihrem Land sowie von den Pr\u00e4ferenzen hinsichtlich Geschwindigkeit, Sicherheitspreis und Anonymit\u00e4t ab. Die wichtigsten Orte, an denen Sie Ethereum online kaufen k\u00f6nnen, sind jedoch B\u00f6rsen wie BitForex und Binance. Bei der Wahl zwischen den beiden, achten Sie auf Faktoren wie die Geb\u00fchren, Anonymit\u00e4t, Sicherheit, Benutzerfreundlichkeit und Zahlungsmethoden.<\/p>\n\n\n\n<h3>Schritt 3: W\u00e4hlen Sie eine Zahlungsoption<\/h3>\n\n\n\n<p>Wenn Sie mit den Auswahlm\u00f6glichkeiten f\u00fcr die ersten beiden Schritte zufrieden sind, besteht der n\u00e4chste gro\u00dfe Schritt darin, die unterst\u00fctzten Zahlungsmethoden f\u00fcr jede einzelne der Kategorie des Bitcoin-Marktplatzes zu ber\u00fccksichtigen. Verschiedene Zahlungsoptionen haben verschiedene Auswirkungen auf Anonymit\u00e4t, Transaktionszeit, Sicherheit und Preis. Als Faustregel gilt: Je anonymer eine Zahlungsoption ist, desto teurer ist sie.<\/p>\n\n\n\n<p>Der dritte Schritt ist der letzte! Herzlichen Gl\u00fcckwunsch und willkommen im Ethereum-Club! Was Sie neben dem Wetten mit Ethereum online tun m\u00fcssen, ist die Online-Einzahlung. Sie k\u00f6nnen dies tun, indem Sie die folgenden Schritte befolgen.<\/p>\n\n\n\n<p>Der erste Schritt besteht darin, auf die Einzahlungsoptionen zu klicken und Ethereum als Ihre bevorzugte Option zu w\u00e4hlen<\/p>\n\n\n\n<h3>Kopieren Sie die Depotadresse Ihres Buchmachers<\/h3>\n\n\n\n<p>Der n\u00e4chste Schritt ist die \u00d6ffnung Ihrer Ethereum-Brieftasche. Suchen Sie nach der Schaltfl\u00e4che &#8218;Senden&#8216;, um eine Transaktion zu erstellen. F\u00fcgen Sie die Einzahlungsadresse, die Sie in das zweite Feld kopiert haben, in das Empf\u00e4ngerfeld ein und w\u00e4hlen Sie den Betrag, den Sie senden m\u00f6chten.<\/p>\n\n\n\n<p>Klicken Sie auf &#8222;Senden&#8220; und warten Sie auf eine Best\u00e4tigung Ihres Sportwettens, dass Sie Ethereum-M\u00fcnzen erhalten haben.<\/p>\n\n\n\n<h2>Worauf kann ich mit Ethereum wetten?<\/h2>\n\n\n\n<p>In den wenigen Jahren, die es Ethereum gibt, hat es Meinungsverschiedenheiten, \u00c4ngste und Innovationen hervorgerufen. Als eine Reihe von M\u00f6glichkeiten, wie Sie es nutzen k\u00f6nnen, werden wir uns ansehen, was man bei Ethereum zum Wetten verwenden kann.<\/p>\n\n\n\n<p>Wie mit dem normalen Bargeld k\u00f6nnen Sie mit Ethereum ganz einfach f\u00fcr Waren und Dienstleistungen bezahlen. Auch wenn es verschiedene Anbieter gibt, die Ethereum als Zahlungsmittel akzeptieren, sehen es nur wenige als tats\u00e4chliches Verbesserungsgeld an.<\/p>\n\n\n\n<p>Es ist nicht unsere Aufgabe, Sie dar\u00fcber aufzukl\u00e4ren, wie Ethereum Ihr Leben ver\u00e4ndern wird. In einigen F\u00e4llen, insbesondere bei den regul\u00e4ren Buchmachern, kann es zu Verz\u00f6gerungen kommen, insbesondere bei der Auszahlung Ihrer Gewinne. Manchmal haben Sie beim Wetten vielleicht sogar eine Wette wegen fehlgeschlagener Transaktionen verpasst.<\/p>\n\n\n\n<p>Das ist v\u00f6llig verst\u00e4ndlich, wenn man bedenkt, dass Betrug ein gro\u00dfes Problem ist. Die Buchmacher m\u00fcssen sicherstellen, dass sie sich selbst sch\u00fctzen und dass das Geld nicht an sie zur\u00fcckbelastet wird. Manchmal m\u00fcssen sie sicherstellen, dass sie die Gewinne an die rechtm\u00e4\u00dfige Person auszahlen.<\/p>\n\n\n\n<p>Wenn die Buchmacher im Ethereum Ihr Geld erhalten haben, sind sie sicher, dass es auch wirklich angekommen ist. Das liegt daran, dass sie die Blockchain-Technologie verwenden, die eine Aufzeichnung der Transaktion ist, die im Netzwerk \u00f6ffentlich zug\u00e4nglich ist, sofern Sie die Transaktionsnummer kennen.<\/p>\n\n\n\n<p>Solange Sie also sicher sind, an welche Adresse Sie das Geld schicken, m\u00fcssen Sie sich Gedanken \u00fcber die Sportarten machen, auf die Sie mit den M\u00fcnzen wetten k\u00f6nnen. Und das ist es, was wir Ihnen jetzt sagen wollen!<\/p>\n\n\n\n<h2>Sportwetten<\/h2>\n\n\n\n<p>Sobald Sie Ihre Ethereum-Einzahlung erfolgreich auf Ihr Online-Sportwettenkonto get\u00e4tigt haben, k\u00f6nnen Sie ganz einfach eine Wette auf einen der angebotenen M\u00e4rkte platzieren. Sie brauchen nur einen Quercheck durchzuf\u00fchren, um sicherzustellen, dass Ihr Sportereignis aufgef\u00fchrt wird, und Ihre Wette zu platzieren.<\/p>\n\n\n\n<p>Ein Vorteil der Online-Wetten ist, dass ihre Quoten im Vergleich zu den landgebundenen Buchmachern in der Regel sehr gro\u00dfz\u00fcgig sind. Au\u00dferdem bieten einige von ihnen Werbeaktionen und Boni an, die Sie bei den landgebundenen Buchmachern nicht finden k\u00f6nnen.<\/p>\n\n\n\n<h2>Wetten im Spiel<\/h2>\n\n\n\n<p>Der Beginn einer Veranstaltung bedeutet nicht, dass dies das Ende Ihrer Wette sein sollte. Mit der aktuellen Technologie und dem aktuellen Wettbewerb haben die Online-Sportb\u00fccher eine Dynamik, die es Ihnen erm\u00f6glicht, w\u00e4hrend der Entwicklung der Ereignisse zu wetten. Jedes Sportereignis wird unterschiedliche M\u00e4rkte haben, je nachdem, wie die Aktionen ablaufen. Dar\u00fcber hinaus variieren die Quoten je nach den Aktionen, die sich entwickeln, so dass es am besten ist, auf den Preis zu wetten, der Ihnen besser zu gefallen scheint! Die Chancen stehen gut, dass Sie die Gelegenheit verpassen!<\/p>\n\n\n\n<h2>Verdoppelte Wetten<\/h2>\n\n\n\n<p>Wie bei jeder anderen W\u00e4hrung auf dem Markt wird Ethereum normalerweise gegen andere W\u00e4hrungen gehandelt. Durch die st\u00e4ndig wachsende Beliebtheit und das Interesse an Kryptow\u00e4hrungen gegen Ende 2017 erreichten Ethereum und andere Kryptow\u00e4hrungen ein neues Allzeithoch. H\u00e4tten Sie in dieser Zeit eine Wette gewonnen, k\u00f6nnten die Gewinne sogar jetzt schon viel wert sein!<\/p>\n\n\n\n<p>Sind Sie bereit, eine dieser Wetten auszuprobieren? Entdecken Sie eine Reihe von Buchmachern, die Ethereum und andere Kryptow\u00e4hrungen auf dem Markt unterst\u00fctzen!<\/p>\n\n\n\n<h2>Wie er\u00f6ffnet man ein Konto bei einem Ethereum-Buchmacher?<\/h2>\n\n\n\n<p>Das Platzieren einer Wette mit Ethereum und anderen Krypto-W\u00e4hrungen ist im Vergleich zu den traditionellen Zahlungsoptionen viel einfacher. Um an dieser neuen Welle von Sportwetten teilzunehmen, ist der erste wichtige Schritt, sich einem der f\u00fchrenden Sportwettenanbieter anzuschlie\u00dfen. Falls Sie nicht wissen, wie das geht, wird Ihnen dieser Abschnitt alles erkl\u00e4ren!<\/p>\n\n\n\n<p>Kryptocurrency-Sportwetten-Websites erschienen zum ersten Mal gegen Anfang 2015 online. Aber sie bekamen nicht ganz den Schwung, den sie sich erhofften, bis Bitcoin, Ethereum und andere Kryptow\u00e4hrungen gegen Ende 2017 in Schwung kamen. Diese Sportwetten-Websites bieten Ihnen nun die Aufregung einer Online-Sportwetten-Website, wobei einige dies mit dem Glamour des Live-Casinos f\u00fcr Dealer kombinieren.<\/p>\n\n\n\n<p>Bevor wir auf das Verfahren zur Er\u00f6ffnung eines Kontos bei einem der Ethereum-Sportwetten eingehen, sollte erw\u00e4hnt werden, dass es wie Bitcoin den Anonymit\u00e4tsfaktor, den BTC bietet, beibeh\u00e4lt. Diese Funktion, kombiniert mit der Lizenzierung von Online-Casinos und Sportwetten, gew\u00e4hrleistet, dass die Ethereum-Wetten sicher und gesch\u00fctzt sind.<\/p>\n\n\n\n<h2>Eine Schritt-f\u00fcr-Schritt-Anleitung f\u00fcr die Einrichtung eines Kontos bei einem Sportwettenanbieter<\/h2>\n\n\n\n<p>Um ein Konto mit einem beliebigen Sportwetten zu erstellen, f\u00fchren Sie die folgenden Schritte aus:<\/p>\n\n\n\n<ul><li>W\u00e4hlen Sie einen g\u00fcltigen und lizenzierten Online-Buchmacher<\/li><li>Klicken Sie unter der Website auf die Schaltfl\u00e4che &#8222;Anmelden&#8220; oder &#8222;Login&#8220;.<\/li><li>F\u00fcllen Sie die erforderlichen Angaben aus. Stellen Sie sicher, dass Sie nur korrekte und aktuelle Informationen zum Zweck der Konto\u00fcberpr\u00fcfung eingegeben haben.<\/li><li>W\u00e4hlen Sie ein Passwort, das Sie sich merken k\u00f6nnen. Stellen Sie sicher, dass es eine Mischung aus Gro\u00df- und Kleinbuchstaben, Zahlen und Zeichen enth\u00e4lt.<\/li><li>Details einreichen<\/li><\/ul>\n\n\n\n<p>Melden Sie sich bei Ihrem Konto an und best\u00e4tigen Sie Ihre E-Mail-Adresse, um mit dem Wetten zu beginnen.<\/p>\n\n\n\n<p>Wenn Sie noch mehr Gr\u00fcnde brauchen, um bei den Ethereum-Sportwettenseiten zu wetten, werden Sie sich freuen zu erfahren, dass einige einen Spieleinzahlungsbonus anbieten. F\u00fcr weitere Informationen dazu besuchen Sie einfach die Promotion-Seite des Sportwettenanbieters! Ansonsten sind Sie bereit, online zu wetten!<\/p>\n\n\n\n<h2>FAQ zu Sportwetten mit Ethereum<\/h2>\n\n\n\n<div class=\"schema-faq wp-block-yoast-faq-block\"><div class=\"schema-faq-section\" id=\"faq-question-1585819941017\"><strong class=\"schema-faq-question\">Was ist das beste Ethereum Sportsbook?<\/strong> <p class=\"schema-faq-answer\">Es kommt ganz darauf an was deine Vorz\u00fcge sind. Es gibt allerdings auch sehr viele Sportsbooks die sich versuchen mit Kryptow\u00e4hrungen zu differenzieren ohne ein wirklich gutes Angebot zu haben. Von diesen Sportsbooks w\u00fcrde ich eher absehen. Es empfiehlt sich au\u00dferdem ein Sportsbook das wirklich in der Blockchain lebt und die Ausg\u00e4nge auch provably fair sind. Von diesen Sportsbooks gibt es nicht sonderlich viele.<br\/><br\/>Die besten Ethereum Sportsbooks sind 2020 unserer Meinung nach:<br\/>1. Stake.com<br\/>2. OneHash<br\/>3. Buffbet.net<br\/>4. Sportsbet.io<br\/>5. 1xbit <\/p> <\/div> <div class=\"schema-faq-section\" id=\"faq-question-1585819968993\"><strong class=\"schema-faq-question\">Sind alle Ether Sportsbooks provably fair?<\/strong> <p class=\"schema-faq-answer\">Nein, definitiv nicht. Nur weil man Ether als Zahlungsmethode akzeptiert hei\u00dft das noch lange nicht dass das Sportsbook oder auch Casino fair sind. Es k\u00f6nnten sogar sehr dubiose und unsichere Anbieter sein weswegen es umso wichtiger ist sich an unsere Empfehlungen zu halten. Das Sportsbook wird auch nicht zwangsl\u00e4ufig in Ethereum entwickelt und findet nicht unbedingt in der Blockchain statt. Sportsbooks wie Stake.com und Onehash tun das allerdings weswegen sie von uns besonders empfohlen werden.<\/p> <\/div> <div class=\"schema-faq-section\" id=\"faq-question-1585819976281\"><strong class=\"schema-faq-question\">Gibt es Nachteile wenn man mit Ether wettet?<\/strong> <p class=\"schema-faq-answer\">Nein, au\u00dfer nat\u00fcrlich dass man wom\u00f6glich seine wertvollen Ether verlieren kann \ud83d\ude42<\/p> <\/div> <\/div>\n","protected":false},"excerpt":{"rendered":"<p>Dank der Krypto-W\u00e4hrungen sind Sportwetten einfacher und sicherer als je zuvor geworden. Obwohl die BTC die beliebteste Form der Kryptow\u00e4hrung im Internet ist, ist sie leider nicht die beste, mit der man arbeiten kann. Mehr als die H\u00e4lfte der Kryptow\u00e4hrung<a class=\"excerpt-read-more\" href=\"https:\/\/sportsbettingbros.com\/de\/deposit\/ethereum\/\" title=\"ReadEthereum Sportwetten: Wie funktionieren Buchmacher mit Ether?\">&#8230; Read more &raquo;<\/a><\/p>\n","protected":false},"author":1,"featured_media":0,"parent":34,"menu_order":0,"comment_status":"closed","ping_status":"closed","template":"","meta":[],"yoast_head":"<!-- This site is optimized with the Yoast SEO plugin v19.4 - https:\/\/yoast.com\/wordpress\/plugins\/seo\/ -->\n<title>Ethereum Sportwetten: Wie funktionieren Buchmacher mit Ether? - SportsBettingBros<\/title>\n<meta name=\"robots\" content=\"index, follow, max-snippet:-1, max-image-preview:large, max-video-preview:-1\" \/>\n<link rel=\"canonical\" href=\"https:\/\/sportsbettingbros.com\/de\/deposit\/ethereum\/\" \/>\n<meta property=\"og:locale\" content=\"de_DE\" \/>\n<meta property=\"og:type\" content=\"article\" \/>\n<meta property=\"og:title\" content=\"Ethereum Sportwetten: Wie funktionieren Buchmacher mit Ether? - SportsBettingBros\" \/>\n<meta property=\"og:description\" content=\"Dank der Krypto-W\u00e4hrungen sind Sportwetten einfacher und sicherer als je zuvor geworden. Obwohl die BTC die beliebteste Form der Kryptow\u00e4hrung im Internet ist, ist sie leider nicht die beste, mit der man arbeiten kann. Mehr als die H\u00e4lfte der Kryptow\u00e4hrung... Read more &raquo;\" \/>\n<meta property=\"og:url\" content=\"https:\/\/sportsbettingbros.com\/de\/deposit\/ethereum\/\" \/>\n<meta property=\"og:site_name\" content=\"SportsBettingBros\" \/>\n<meta property=\"article:modified_time\" content=\"2020-04-02T09:33:06+00:00\" \/>\n<meta name=\"twitter:card\" content=\"summary_large_image\" \/>\n<meta name=\"twitter:label1\" content=\"Gesch\u00e4tzte Lesezeit\" \/>\n\t<meta name=\"twitter:data1\" content=\"9\u00a0Minuten\" \/>\n<script type=\"application\/ld+json\" class=\"yoast-schema-graph\">{\"@context\":\"https:\/\/schema.org\",\"@graph\":[{\"@type\":\"WebSite\",\"@id\":\"https:\/\/sportsbettingbros.com\/de\/#website\",\"url\":\"https:\/\/sportsbettingbros.com\/de\/\",\"name\":\"SportsBettingBros\",\"description\":\"\",\"potentialAction\":[{\"@type\":\"SearchAction\",\"target\":{\"@type\":\"EntryPoint\",\"urlTemplate\":\"https:\/\/sportsbettingbros.com\/de\/?s={search_term_string}\"},\"query-input\":\"required name=search_term_string\"}],\"inLanguage\":\"de\"},{\"@type\":[\"WebPage\",\"FAQPage\"],\"@id\":\"https:\/\/sportsbettingbros.com\/de\/deposit\/ethereum\/\",\"url\":\"https:\/\/sportsbettingbros.com\/de\/deposit\/ethereum\/\",\"name\":\"Ethereum Sportwetten: Wie funktionieren Buchmacher mit Ether? - SportsBettingBros\",\"isPartOf\":{\"@id\":\"https:\/\/sportsbettingbros.com\/de\/#website\"},\"datePublished\":\"2019-01-16T11:46:34+00:00\",\"dateModified\":\"2020-04-02T09:33:06+00:00\",\"breadcrumb\":{\"@id\":\"https:\/\/sportsbettingbros.com\/de\/deposit\/ethereum\/#breadcrumb\"},\"mainEntity\":[{\"@id\":\"https:\/\/sportsbettingbros.com\/de\/deposit\/ethereum\/#faq-question-1585819941017\"},{\"@id\":\"https:\/\/sportsbettingbros.com\/de\/deposit\/ethereum\/#faq-question-1585819968993\"},{\"@id\":\"https:\/\/sportsbettingbros.com\/de\/deposit\/ethereum\/#faq-question-1585819976281\"}],\"inLanguage\":\"de\",\"potentialAction\":[{\"@type\":\"ReadAction\",\"target\":[\"https:\/\/sportsbettingbros.com\/de\/deposit\/ethereum\/\"]}]},{\"@type\":\"BreadcrumbList\",\"@id\":\"https:\/\/sportsbettingbros.com\/de\/deposit\/ethereum\/#breadcrumb\",\"itemListElement\":[{\"@type\":\"ListItem\",\"position\":1,\"name\":\"Home\",\"item\":\"https:\/\/sportsbettingbros.com\/de\/\"},{\"@type\":\"ListItem\",\"position\":2,\"name\":\"Einzahlung und Auszahlung bei online Buchmachern\",\"item\":\"https:\/\/sportsbettingbros.com\/de\/deposit\/\"},{\"@type\":\"ListItem\",\"position\":3,\"name\":\"Ethereum Sportwetten: Wie funktionieren Buchmacher mit Ether?\"}]},{\"@type\":\"Question\",\"@id\":\"https:\/\/sportsbettingbros.com\/de\/deposit\/ethereum\/#faq-question-1585819941017\",\"position\":1,\"url\":\"https:\/\/sportsbettingbros.com\/de\/deposit\/ethereum\/#faq-question-1585819941017\",\"name\":\"Was ist das beste Ethereum Sportsbook?\",\"answerCount\":1,\"acceptedAnswer\":{\"@type\":\"Answer\",\"text\":\"Es kommt ganz darauf an was deine Vorz\u00fcge sind. Es gibt allerdings auch sehr viele Sportsbooks die sich versuchen mit Kryptow\u00e4hrungen zu differenzieren ohne ein wirklich gutes Angebot zu haben. Von diesen Sportsbooks w\u00fcrde ich eher absehen. Es empfiehlt sich au\u00dferdem ein Sportsbook das wirklich in der Blockchain lebt und die Ausg\u00e4nge auch provably fair sind. Von diesen Sportsbooks gibt es nicht sonderlich viele.<br\/><br\/>Die besten Ethereum Sportsbooks sind 2020 unserer Meinung nach:<br\/>1. Stake.com<br\/>2. OneHash<br\/>3. Buffbet.net<br\/>4. Sportsbet.io<br\/>5. 1xbit \",\"inLanguage\":\"de\"},\"inLanguage\":\"de\"},{\"@type\":\"Question\",\"@id\":\"https:\/\/sportsbettingbros.com\/de\/deposit\/ethereum\/#faq-question-1585819968993\",\"position\":2,\"url\":\"https:\/\/sportsbettingbros.com\/de\/deposit\/ethereum\/#faq-question-1585819968993\",\"name\":\"Sind alle Ether Sportsbooks provably fair?\",\"answerCount\":1,\"acceptedAnswer\":{\"@type\":\"Answer\",\"text\":\"Nein, definitiv nicht. Nur weil man Ether als Zahlungsmethode akzeptiert hei\u00dft das noch lange nicht dass das Sportsbook oder auch Casino fair sind. Es k\u00f6nnten sogar sehr dubiose und unsichere Anbieter sein weswegen es umso wichtiger ist sich an unsere Empfehlungen zu halten. Das Sportsbook wird auch nicht zwangsl\u00e4ufig in Ethereum entwickelt und findet nicht unbedingt in der Blockchain statt. Sportsbooks wie Stake.com und Onehash tun das allerdings weswegen sie von uns besonders empfohlen werden.\",\"inLanguage\":\"de\"},\"inLanguage\":\"de\"},{\"@type\":\"Question\",\"@id\":\"https:\/\/sportsbettingbros.com\/de\/deposit\/ethereum\/#faq-question-1585819976281\",\"position\":3,\"url\":\"https:\/\/sportsbettingbros.com\/de\/deposit\/ethereum\/#faq-question-1585819976281\",\"name\":\"Gibt es Nachteile wenn man mit Ether wettet?\",\"answerCount\":1,\"acceptedAnswer\":{\"@type\":\"Answer\",\"text\":\"Nein, au\u00dfer nat\u00fcrlich dass man wom\u00f6glich seine wertvollen Ether verlieren kann :)\",\"inLanguage\":\"de\"},\"inLanguage\":\"de\"}]}<\/script>\n<!-- \/ Yoast SEO plugin. -->","yoast_head_json":{"title":"Ethereum Sportwetten: Wie funktionieren Buchmacher mit Ether? - SportsBettingBros","robots":{"index":"index","follow":"follow","max-snippet":"max-snippet:-1","max-image-preview":"max-image-preview:large","max-video-preview":"max-video-preview:-1"},"canonical":"https:\/\/sportsbettingbros.com\/de\/deposit\/ethereum\/","og_locale":"de_DE","og_type":"article","og_title":"Ethereum Sportwetten: Wie funktionieren Buchmacher mit Ether? - SportsBettingBros","og_description":"Dank der Krypto-W\u00e4hrungen sind Sportwetten einfacher und sicherer als je zuvor geworden. Obwohl die BTC die beliebteste Form der Kryptow\u00e4hrung im Internet ist, ist sie leider nicht die beste, mit der man arbeiten kann. Mehr als die H\u00e4lfte der Kryptow\u00e4hrung... Read more &raquo;","og_url":"https:\/\/sportsbettingbros.com\/de\/deposit\/ethereum\/","og_site_name":"SportsBettingBros","article_modified_time":"2020-04-02T09:33:06+00:00","twitter_card":"summary_large_image","twitter_misc":{"Gesch\u00e4tzte Lesezeit":"9\u00a0Minuten"},"schema":{"@context":"https:\/\/schema.org","@graph":[{"@type":"WebSite","@id":"https:\/\/sportsbettingbros.com\/de\/#website","url":"https:\/\/sportsbettingbros.com\/de\/","name":"SportsBettingBros","description":"","potentialAction":[{"@type":"SearchAction","target":{"@type":"EntryPoint","urlTemplate":"https:\/\/sportsbettingbros.com\/de\/?s={search_term_string}"},"query-input":"required name=search_term_string"}],"inLanguage":"de"},{"@type":["WebPage","FAQPage"],"@id":"https:\/\/sportsbettingbros.com\/de\/deposit\/ethereum\/","url":"https:\/\/sportsbettingbros.com\/de\/deposit\/ethereum\/","name":"Ethereum Sportwetten: Wie funktionieren Buchmacher mit Ether? - SportsBettingBros","isPartOf":{"@id":"https:\/\/sportsbettingbros.com\/de\/#website"},"datePublished":"2019-01-16T11:46:34+00:00","dateModified":"2020-04-02T09:33:06+00:00","breadcrumb":{"@id":"https:\/\/sportsbettingbros.com\/de\/deposit\/ethereum\/#breadcrumb"},"mainEntity":[{"@id":"https:\/\/sportsbettingbros.com\/de\/deposit\/ethereum\/#faq-question-1585819941017"},{"@id":"https:\/\/sportsbettingbros.com\/de\/deposit\/ethereum\/#faq-question-1585819968993"},{"@id":"https:\/\/sportsbettingbros.com\/de\/deposit\/ethereum\/#faq-question-1585819976281"}],"inLanguage":"de","potentialAction":[{"@type":"ReadAction","target":["https:\/\/sportsbettingbros.com\/de\/deposit\/ethereum\/"]}]},{"@type":"BreadcrumbList","@id":"https:\/\/sportsbettingbros.com\/de\/deposit\/ethereum\/#breadcrumb","itemListElement":[{"@type":"ListItem","position":1,"name":"Home","item":"https:\/\/sportsbettingbros.com\/de\/"},{"@type":"ListItem","position":2,"name":"Einzahlung und Auszahlung bei online Buchmachern","item":"https:\/\/sportsbettingbros.com\/de\/deposit\/"},{"@type":"ListItem","position":3,"name":"Ethereum Sportwetten: Wie funktionieren Buchmacher mit Ether?"}]},{"@type":"Question","@id":"https:\/\/sportsbettingbros.com\/de\/deposit\/ethereum\/#faq-question-1585819941017","position":1,"url":"https:\/\/sportsbettingbros.com\/de\/deposit\/ethereum\/#faq-question-1585819941017","name":"Was ist das beste Ethereum Sportsbook?","answerCount":1,"acceptedAnswer":{"@type":"Answer","text":"Es kommt ganz darauf an was deine Vorz\u00fcge sind. Es gibt allerdings auch sehr viele Sportsbooks die sich versuchen mit Kryptow\u00e4hrungen zu differenzieren ohne ein wirklich gutes Angebot zu haben. Von diesen Sportsbooks w\u00fcrde ich eher absehen. Es empfiehlt sich au\u00dferdem ein Sportsbook das wirklich in der Blockchain lebt und die Ausg\u00e4nge auch provably fair sind. Von diesen Sportsbooks gibt es nicht sonderlich viele.<br\/><br\/>Die besten Ethereum Sportsbooks sind 2020 unserer Meinung nach:<br\/>1. Stake.com<br\/>2. OneHash<br\/>3. Buffbet.net<br\/>4. Sportsbet.io<br\/>5. 1xbit ","inLanguage":"de"},"inLanguage":"de"},{"@type":"Question","@id":"https:\/\/sportsbettingbros.com\/de\/deposit\/ethereum\/#faq-question-1585819968993","position":2,"url":"https:\/\/sportsbettingbros.com\/de\/deposit\/ethereum\/#faq-question-1585819968993","name":"Sind alle Ether Sportsbooks provably fair?","answerCount":1,"acceptedAnswer":{"@type":"Answer","text":"Nein, definitiv nicht. Nur weil man Ether als Zahlungsmethode akzeptiert hei\u00dft das noch lange nicht dass das Sportsbook oder auch Casino fair sind. Es k\u00f6nnten sogar sehr dubiose und unsichere Anbieter sein weswegen es umso wichtiger ist sich an unsere Empfehlungen zu halten. Das Sportsbook wird auch nicht zwangsl\u00e4ufig in Ethereum entwickelt und findet nicht unbedingt in der Blockchain statt. Sportsbooks wie Stake.com und Onehash tun das allerdings weswegen sie von uns besonders empfohlen werden.","inLanguage":"de"},"inLanguage":"de"},{"@type":"Question","@id":"https:\/\/sportsbettingbros.com\/de\/deposit\/ethereum\/#faq-question-1585819976281","position":3,"url":"https:\/\/sportsbettingbros.com\/de\/deposit\/ethereum\/#faq-question-1585819976281","name":"Gibt es Nachteile wenn man mit Ether wettet?","answerCount":1,"acceptedAnswer":{"@type":"Answer","text":"Nein, au\u00dfer nat\u00fcrlich dass man wom\u00f6glich seine wertvollen Ether verlieren kann :)","inLanguage":"de"},"inLanguage":"de"}]}},"_links":{"self":[{"href":"https:\/\/sportsbettingbros.com\/de\/wp-json\/wp\/v2\/pages\/40"}],"collection":[{"href":"https:\/\/sportsbettingbros.com\/de\/wp-json\/wp\/v2\/pages"}],"about":[{"href":"https:\/\/sportsbettingbros.com\/de\/wp-json\/wp\/v2\/types\/page"}],"author":[{"embeddable":true,"href":"https:\/\/sportsbettingbros.com\/de\/wp-json\/wp\/v2\/users\/1"}],"replies":[{"embeddable":true,"href":"https:\/\/sportsbettingbros.com\/de\/wp-json\/wp\/v2\/comments?post=40"}],"version-history":[{"count":4,"href":"https:\/\/sportsbettingbros.com\/de\/wp-json\/wp\/v2\/pages\/40\/revisions"}],"predecessor-version":[{"id":137295,"href":"https:\/\/sportsbettingbros.com\/de\/wp-json\/wp\/v2\/pages\/40\/revisions\/137295"}],"up":[{"embeddable":true,"href":"https:\/\/sportsbettingbros.com\/de\/wp-json\/wp\/v2\/pages\/34"}],"wp:attachment":[{"href":"https:\/\/sportsbettingbros.com\/de\/wp-json\/wp\/v2\/media?parent=40"}],"curies":[{"name":"wp","href":"https:\/\/api.w.org\/{rel}","templated":true}]}}