{"id":43,"date":"2019-01-16T12:47:00","date_gmt":"2019-01-16T11:47:00","guid":{"rendered":"https:\/\/sportsbettingbros.com\/?page_id=43"},"modified":"2020-04-02T11:36:23","modified_gmt":"2020-04-02T09:36:23","slug":"neteller","status":"publish","type":"page","link":"https:\/\/sportsbettingbros.com\/de\/deposit\/neteller\/","title":{"rendered":"Neteller Review: Gute Idee, sie f\u00fcr Sportwetten zu verwenden?"},"content":{"rendered":"\n\n\n<p>\nNeteller ist eines der eWallets, die es Sportwettern erm\u00f6glichen,\nEin- und Auszahlungen von ihren Konten vorzunehmen. Es ist in der Tat\neine der am h\u00e4ufigsten verwendeten eWallets, insbesondere in Europa.\nSeine Beliebtheit auf dem europ\u00e4ischen Markt hat dazu gef\u00fchrt, dass\nes in eine Reihe von Sportwetten-Websites mit Sitz in Europa\naufgenommen wurde.<\/p>\n\n\n\n<p>Neteller\nfunktioniert, indem es Ihnen erm\u00f6glicht, Geld auf Ihr Konto\neinzuzahlen, indem Sie als eine dritte Partei handeln. Sie k\u00f6nnen\nGelder auf Ihr Neteller-Konto hochladen und anschlie\u00dfend die\nEinzahlung auf Ihr Konto vornehmen. Dies ist eines der Merkmale, die\nNeteller zu einer besonderen Zahlungsmethode machen, da es bedeutet,\ndass Sie Ihre pers\u00f6nlichen Daten nicht mit dem Sportwettenanbieter\nIhrer Wahl teilen m\u00fcssen.<\/p>\n\n\n\n<p>Dank des\nkontinuierlichen Wachstums der Online-Gl\u00fccksspielindustrie und\ninsbesondere der mobilen Wetten ist Neteller bei den Spielern\nbeliebter als je zuvor. Diejenigen, die nach einer effizienten,\nmobilfreundlichen Zahlungsmethode suchen, k\u00f6nnen sich auf Neteller\nverlassen.<\/p>\n\n\n\n<p>Wenn Sie noch keine\nGesch\u00e4fte mit Neteller t\u00e4tigen, verstehen wir voll und ganz, dass\nder Zahlungsdienst ein wenig entmutigend und kompliziert sein kann.\nZum Gl\u00fcck f\u00fcr Sie hat SportBettingBros alles, was Sie \u00fcber\nNeteller wissen m\u00fcssen:<\/p>\n\n\n\n<ul><li>Was ist Neteller?<\/li><li>Wie Neteller arbeitet<\/li><li>Wie Sie mit Neteller einzahlen k\u00f6nnen<\/li><li>Wie Sie Ihre Gewinne mit Neteller abheben k\u00f6nnen<\/li><li>Die mit Neteller verbundenen Vorteile<\/li><li>Merkmale von Neteller<\/li><\/ul>\n\n\n\n<h2>Was ist Neteller?<\/h2>\n\n\n\n<p>Neteller ist ein\ninternational anerkannter eWallet-Dienst mit Hauptsitz in\nGro\u00dfbritannien. Wie die Mehrzahl der anderen digitalen\nBrieftaschendienste bietet Ihnen die Plattform die M\u00f6glichkeit dazu:<\/p>\n\n\n\n<p>F\u00fcr Waren und\nDienstleistungen zu bezahlen, ohne sensible Informationen\npreiszugeben.<\/p>\n\n\n\n<h2>Sofort-Transaktionen\ndurchf\u00fchren<\/h2>\n\n\n\n<p>Das gro\u00dfartige\nMerkmal von Neteller ist Ihre einmalige Kartennummer. \u00dcber diese\nNummer k\u00f6nnen Sie jede Transaktion durchf\u00fchren, ohne weitere\nInformationen angeben zu m\u00fcssen. Sie m\u00fcssen sie nur bei der\nDurchf\u00fchrung von Transaktionen eingeben, und die Zahlung wird sofort\ngenehmigt.<\/p>\n\n\n\n<p>Trotz der guten\nFunktionen, die eWallets wie Neteller eingef\u00fchrt haben, haben sie\nleider einige Einschr\u00e4nkungen. Einige dieser Einschr\u00e4nkungen k\u00f6nnen\nniemals mit dem \u00fcbereinstimmen, was Unternehmensnetzwerke wie VISA\nund MasterCard zu bieten haben.<\/p>\n\n\n\n<p>Um zu versuchen, die\nvon diesen beiden Unternehmen angebotenen Dienste zu erg\u00e4nzen, hatte\nNeteller eine Idee. Sie entwickelte eine Einmal-Kreditkarte, die von\nden Wettern auf jeder VISA- oder MasterCard-f\u00e4higen Plattform\nverwendet werden kann.<\/p>\n\n\n\n<h2>Empfohlene\nSportwetten-Websites von Neteller<\/h2>\n\n\n\n<h3>Wie funktioniert\nNeteller?<\/h3>\n\n\n\n<p>Neteller ist ein\nOnline-eWallet, das es Ihnen erm\u00f6glicht, Geld zu senden und zu\nempfangen. \u00dcber diese Plattform k\u00f6nnen Sie sich einfach anmelden,\nIhre Einzahlung bei den Online-Buchmachern vornehmen, mit dem Geld\nspielen und gewinnen und Ihre Gewinne direkt auf das Konto abheben.\nAls Zahlungsmethode bietet sie ihre Dienste meist auf zwei Arten an.<\/p>\n\n\n\n<p>Als\nGeldtransferplattform &#8211; Sie fungiert als Vermittler f\u00fcr das Senden\nund Empfangen von Bargeld online<\/p>\n\n\n\n<p>eWallet &#8211; Dies ist\ndie h\u00e4ufigste Verwendung von Neteller. Damit k\u00f6nnen Sie Geld von\nund zu Ihrem Bankkonto \u00fcberweisen, ohne Ihre Bankdaten preiszugeben.<\/p>\n\n\n\n<h2>Einzahlung bei\nNeteller bei den Online-Buchmachern<\/h2>\n\n\n\n<p>Die Verwendung von\nNeteller als Zahlungsmethode bei den Online-Buchmachern ist super\neinfach. Sie brauchen nur die unten aufgef\u00fchrten Schritte zu\nbefolgen, und schon k\u00f6nnen Sie loslegen.<\/p>\n\n\n\n<p>W\u00e4hlen Sie Ihre\nbevorzugte Plattform aus (wir haben oben eine Liste empfohlen). Falls\nSie noch kein Konto haben, melden Sie sich an<\/p>\n\n\n\n<p>Sobald Sie sich in\nIhr Konto eingeloggt haben, klicken Sie auf die Schaltfl\u00e4che\n&#8218;Einzahlung&#8216;. Diese befindet sich normalerweise in der linken oberen\nEcke des Bildschirms. In anderen F\u00e4llen finden Sie ihn unter dem\nMen\u00fcpunkt<\/p>\n\n\n\n<ul><li>Markieren Sie Neteller als Ihre bevorzugte Option<\/li><li>Geben Sie den Betrag ein, den Sie einzahlen m\u00f6chten<\/li><li>Geben Sie Ihre einmalige Neteller-Kartennummer ein<\/li><li>Best\u00e4tigen Sie, dass Sie die Zahlung vornehmen m\u00f6chten, um die Transaktion abzuschlie\u00dfen.<\/li><li>Et voila! Sie haben es erfolgreich geschafft, Ihre erste Neteller-Einzahlung auf der Website vorzunehmen.<\/li><\/ul>\n\n\n\n<p>Hinweis: Kunden aus\nden Vereinigten Staaten k\u00f6nnen Neteller nicht als Zahlungsoption\nverwenden. Im Jahr 2001 wurde ein Gesetz verabschiedet, das\nUS-B\u00fcrgern die Verwendung von Neteller als Zahlungsoption untersagt.\nDas bedeutet, dass unsere Freunde von der anderen Seite des Teiches\neine Alternative finden m\u00fcssen, vielleicht mit MasterCard oder VISA.<\/p>\n\n\n\n<h2>Wie man sich mit\nNeteller zur\u00fcckziehen kann<\/h2>\n\n\n\n<p>Die meisten\nOnline-Sportwettenseiten berechnen Ihnen keine Geb\u00fchren, wenn Sie\nIhr Geld mit Neteller abheben. Laut Gesetz m\u00fcssen Sie jedoch die\nfolgenden zwei Dinge nachweisen, bevor Sie mit Neteller Geld abheben\nk\u00f6nnen.<\/p>\n\n\n\n<p>Der Nachweis, dass\nSie der Eigent\u00fcmer des Neteller-Kontos sind. Dazu m\u00fcssen Sie einen\nScreenshot von der &#8218;Profil&#8216;-Seite Ihres Neteller-Kontos machen. Sie\nmuss Ihren vollst\u00e4ndigen Namen und Ihre Adresse erfassen, wie sie\nauf Ihrem Konto erscheinen.<\/p>\n\n\n\n<p>Nachweis von Alter\nund Adresse. Sie m\u00fcssen eine Kopie Ihres von der Regierung\nausgestellten Ausweises sowie eine Kopie Ihrer Versorgungsrechnung\nhochladen.<\/p>\n\n\n\n<p>Dieser Schritt ist\nsehr wichtig und wird in der Regel f\u00fcr die erste Abhebung sowie f\u00fcr\nsp\u00e4tere Abhebungen, die 10.000 $ \u00fcberschreiten, durchgef\u00fchrt.<\/p>\n\n\n\n<p>Schritt-f\u00fcr-Schritt-Anleitung\nf\u00fcr die Abhebung Ihrer Gewinne auf Ihr Neteller-Konto<\/p>\n\n\n\n<ul><li>Besuchen Sie den Bankenbereich<\/li><li>W\u00e4hlen Sie Neteller als Ihre bevorzugte Wahl<\/li><li>Geben Sie den Betrag, den Sie abheben m\u00f6chten, ein<\/li><li>Best\u00e4tigen Sie die Transaktion durch Klicken auf die Schaltfl\u00e4che &#8222;Zur\u00fcckziehen&#8220;.<\/li><\/ul>\n\n\n\n<p>Wenn Sie sich von\nNeteller auf andere Bankplattformen zur\u00fcckziehen, k\u00f6nnen Ihnen\nzus\u00e4tzliche Kosten entstehen. Hier ist eine schnelle Aufschl\u00fcsselung\ndieser zus\u00e4tzlichen Geb\u00fchren.<\/p>\n\n\n\n<ul><li>Auferlegte Geb\u00fchren f\u00fcr die Zahlungsart Neteller<\/li><li>Geldtransfer 1,9% (maximal 20%)<\/li><li>Bank\u00fcberweisung 7,50<\/li><li>Bankwechsel 7.50 &#8211; 25.00%<\/li><li>Kreditkarten Keine zus\u00e4tzlichen Geb\u00fchren<\/li><\/ul>\n\n\n\n<h2>Vorteile der\nVerwendung von Neteller<\/h2>\n\n\n\n<p>Je nachdem, wie Sie\nsich f\u00fcr eine Online-Wette entscheiden, bietet Neteller zahlreiche\nVorteile gegen\u00fcber den traditionellen Zahlungsoptionen wie den\nDebit-\/Kreditkarten. Es gibt jedoch noch andere Vorteile, die sich\nmehr als andere herausheben, und wir denken, dass wir diese Vorteile\nhervorheben sollten. Dazu geh\u00f6ren die folgenden.<\/p>\n\n\n\n<p>Die Dienste sind\nkostenlos &#8211; Die von uns empfohlenen Websites bieten Ihnen bei der\nVerwendung von Neteller kostenlose Zahlungs- und Abhebungsdienste. Es\ngibt keine versteckten Kosten und Sie k\u00f6nnen Ihre gesamten Gewinne\nbehalten, wenn Sie sie abgehoben haben.<\/p>\n\n\n\n<p>Neteller ist im\nVergleich zu anderen Zahlungsoptionen relativ schnell. Beispielsweise\nwerden alle Auszahlungen, die \u00fcber Neteller vorgenommen werden, 2-4\nStunden schneller bearbeitet als Auszahlungen \u00fcber Skrill. Wir\nvergleichen es mit Skrill, weil Skrill als Zahlungsoption eine\nmaximale Bearbeitungszeit von 12 Stunden f\u00fcr Auszahlungen hat.<\/p>\n\n\n\n<p>Es ist eine sichere\nund gesch\u00fctzte Option. Die Sicherheit von Skrill h\u00e4ngt in hohem\nMa\u00dfe von der eindeutigen Konto-ID-Nummer von Neteller ab. Nur mit\ndieser Nummer und dem Passwort-Konto k\u00f6nnen Kunden Zahlungen\nvornehmen und Auszahlungen beantragen.<\/p>\n\n\n\n<h2>Merkmale von\nNETELLER<\/h2>\n\n\n\n<p>Zus\u00e4tzlich zum\nAngebot von Geld\u00fcberweisungsdiensten bietet Neteller seinen\nBenutzern zus\u00e4tzliche Funktionen. Dazu geh\u00f6ren die folgenden.<\/p>\n\n\n\n<p>Neteller-Belohnungspunkte\n&#8211; F\u00fcr jedes Pfund, das Sie auf der Plattform umsetzen, erhalten Sie\neinen Punkt. Sobald Sie gen\u00fcgend Punkte haben, k\u00f6nnen Sie diese\ngegen Bargeld, Elektronik, Geschenkkarten und andere Preise einl\u00f6sen.<\/p>\n\n\n\n<p>Neteller VIP-Service\n&#8211; Je mehr Sie Neteller weiterhin nutzen, desto h\u00f6her steigen Sie in\nder VIP-Skala auf. Sie erhalten auch niedrigere FX-Geb\u00fchren, h\u00f6here\nund bessere Auszahlungslimits und mehrere W\u00e4hrungskonten. Wie gut\nkann das sein?<\/p>\n\n\n\n<h2>Schlussfolgerung<\/h2>\n\n\n\n<p>Trotz all des Lobes,\ndas wir auf Neteller geh\u00e4uft haben, hat es auch einige wenige\nM\u00e4ngel. Einer der Hauptnachteile der Verwendung von Neteller beim\nOnline-Sportwetten ist, dass Ihre Kartendaten irgendwie irgendwo im\nSystem gespeichert sind. Wenn Sie keine Karte haben oder lieber\nalternative Methoden verwenden m\u00f6chten, f\u00fcr die Ihre Kartendaten\nnicht erforderlich sind, dann empfehlen wir Paysafecard. Wir haben\neine detaillierte \u00dcbersicht \u00fcber diese Zahlungsoption in unserer\nPaysafecard Rezension.<\/p>\n\n\n\n<p>Insgesamt hat\nNeteller Nachteile, die aber im Vergleich zu den positiven Aspekten\nweitgehend unbedeutend sind. LeoVegas bietet einen Willkommensbonus\nvon $100 f\u00fcr alle Spieler, die ihre erste Einzahlung mit Neteller\nvornehmen.<\/p>\n","protected":false},"excerpt":{"rendered":"<p>Neteller ist eines der eWallets, die es Sportwettern erm\u00f6glichen, Ein- und Auszahlungen von ihren Konten vorzunehmen. Es ist in der Tat eine der am h\u00e4ufigsten verwendeten eWallets, insbesondere in Europa. Seine Beliebtheit auf dem europ\u00e4ischen Markt hat dazu gef\u00fchrt, dass<a class=\"excerpt-read-more\" href=\"https:\/\/sportsbettingbros.com\/de\/deposit\/neteller\/\" title=\"ReadNeteller Review: Gute Idee, sie f\u00fcr Sportwetten zu verwenden?\">&#8230; Read more &raquo;<\/a><\/p>\n","protected":false},"author":1,"featured_media":0,"parent":34,"menu_order":0,"comment_status":"closed","ping_status":"closed","template":"","meta":[],"yoast_head":"<!-- This site is optimized with the Yoast SEO plugin v19.4 - https:\/\/yoast.com\/wordpress\/plugins\/seo\/ -->\n<title>Neteller Review: Gute Idee, sie f\u00fcr Sportwetten zu verwenden? - SportsBettingBros<\/title>\n<meta name=\"robots\" content=\"index, follow, max-snippet:-1, max-image-preview:large, max-video-preview:-1\" \/>\n<link rel=\"canonical\" href=\"https:\/\/sportsbettingbros.com\/de\/deposit\/neteller\/\" \/>\n<meta property=\"og:locale\" content=\"de_DE\" \/>\n<meta property=\"og:type\" content=\"article\" \/>\n<meta property=\"og:title\" content=\"Neteller Review: Gute Idee, sie f\u00fcr Sportwetten zu verwenden? - SportsBettingBros\" \/>\n<meta property=\"og:description\" content=\"Neteller ist eines der eWallets, die es Sportwettern erm\u00f6glichen, Ein- und Auszahlungen von ihren Konten vorzunehmen. Es ist in der Tat eine der am h\u00e4ufigsten verwendeten eWallets, insbesondere in Europa. Seine Beliebtheit auf dem europ\u00e4ischen Markt hat dazu gef\u00fchrt, dass... Read more &raquo;\" \/>\n<meta property=\"og:url\" content=\"https:\/\/sportsbettingbros.com\/de\/deposit\/neteller\/\" \/>\n<meta property=\"og:site_name\" content=\"SportsBettingBros\" \/>\n<meta property=\"article:modified_time\" content=\"2020-04-02T09:36:23+00:00\" \/>\n<meta name=\"twitter:card\" content=\"summary_large_image\" \/>\n<meta name=\"twitter:label1\" content=\"Gesch\u00e4tzte Lesezeit\" \/>\n\t<meta name=\"twitter:data1\" content=\"6\u00a0Minuten\" \/>\n<script type=\"application\/ld+json\" class=\"yoast-schema-graph\">{\"@context\":\"https:\/\/schema.org\",\"@graph\":[{\"@type\":\"WebSite\",\"@id\":\"https:\/\/sportsbettingbros.com\/de\/#website\",\"url\":\"https:\/\/sportsbettingbros.com\/de\/\",\"name\":\"SportsBettingBros\",\"description\":\"\",\"potentialAction\":[{\"@type\":\"SearchAction\",\"target\":{\"@type\":\"EntryPoint\",\"urlTemplate\":\"https:\/\/sportsbettingbros.com\/de\/?s={search_term_string}\"},\"query-input\":\"required name=search_term_string\"}],\"inLanguage\":\"de\"},{\"@type\":\"WebPage\",\"@id\":\"https:\/\/sportsbettingbros.com\/de\/deposit\/neteller\/\",\"url\":\"https:\/\/sportsbettingbros.com\/de\/deposit\/neteller\/\",\"name\":\"Neteller Review: Gute Idee, sie f\u00fcr Sportwetten zu verwenden? - SportsBettingBros\",\"isPartOf\":{\"@id\":\"https:\/\/sportsbettingbros.com\/de\/#website\"},\"datePublished\":\"2019-01-16T11:47:00+00:00\",\"dateModified\":\"2020-04-02T09:36:23+00:00\",\"breadcrumb\":{\"@id\":\"https:\/\/sportsbettingbros.com\/de\/deposit\/neteller\/#breadcrumb\"},\"inLanguage\":\"de\",\"potentialAction\":[{\"@type\":\"ReadAction\",\"target\":[\"https:\/\/sportsbettingbros.com\/de\/deposit\/neteller\/\"]}]},{\"@type\":\"BreadcrumbList\",\"@id\":\"https:\/\/sportsbettingbros.com\/de\/deposit\/neteller\/#breadcrumb\",\"itemListElement\":[{\"@type\":\"ListItem\",\"position\":1,\"name\":\"Home\",\"item\":\"https:\/\/sportsbettingbros.com\/de\/\"},{\"@type\":\"ListItem\",\"position\":2,\"name\":\"Einzahlung und Auszahlung bei online Buchmachern\",\"item\":\"https:\/\/sportsbettingbros.com\/de\/deposit\/\"},{\"@type\":\"ListItem\",\"position\":3,\"name\":\"Neteller Review: Gute Idee, sie f\u00fcr Sportwetten zu verwenden?\"}]}]}<\/script>\n<!-- \/ Yoast SEO plugin. -->","yoast_head_json":{"title":"Neteller Review: Gute Idee, sie f\u00fcr Sportwetten zu verwenden? - SportsBettingBros","robots":{"index":"index","follow":"follow","max-snippet":"max-snippet:-1","max-image-preview":"max-image-preview:large","max-video-preview":"max-video-preview:-1"},"canonical":"https:\/\/sportsbettingbros.com\/de\/deposit\/neteller\/","og_locale":"de_DE","og_type":"article","og_title":"Neteller Review: Gute Idee, sie f\u00fcr Sportwetten zu verwenden? - SportsBettingBros","og_description":"Neteller ist eines der eWallets, die es Sportwettern erm\u00f6glichen, Ein- und Auszahlungen von ihren Konten vorzunehmen. Es ist in der Tat eine der am h\u00e4ufigsten verwendeten eWallets, insbesondere in Europa. Seine Beliebtheit auf dem europ\u00e4ischen Markt hat dazu gef\u00fchrt, dass... Read more &raquo;","og_url":"https:\/\/sportsbettingbros.com\/de\/deposit\/neteller\/","og_site_name":"SportsBettingBros","article_modified_time":"2020-04-02T09:36:23+00:00","twitter_card":"summary_large_image","twitter_misc":{"Gesch\u00e4tzte Lesezeit":"6\u00a0Minuten"},"schema":{"@context":"https:\/\/schema.org","@graph":[{"@type":"WebSite","@id":"https:\/\/sportsbettingbros.com\/de\/#website","url":"https:\/\/sportsbettingbros.com\/de\/","name":"SportsBettingBros","description":"","potentialAction":[{"@type":"SearchAction","target":{"@type":"EntryPoint","urlTemplate":"https:\/\/sportsbettingbros.com\/de\/?s={search_term_string}"},"query-input":"required name=search_term_string"}],"inLanguage":"de"},{"@type":"WebPage","@id":"https:\/\/sportsbettingbros.com\/de\/deposit\/neteller\/","url":"https:\/\/sportsbettingbros.com\/de\/deposit\/neteller\/","name":"Neteller Review: Gute Idee, sie f\u00fcr Sportwetten zu verwenden? - SportsBettingBros","isPartOf":{"@id":"https:\/\/sportsbettingbros.com\/de\/#website"},"datePublished":"2019-01-16T11:47:00+00:00","dateModified":"2020-04-02T09:36:23+00:00","breadcrumb":{"@id":"https:\/\/sportsbettingbros.com\/de\/deposit\/neteller\/#breadcrumb"},"inLanguage":"de","potentialAction":[{"@type":"ReadAction","target":["https:\/\/sportsbettingbros.com\/de\/deposit\/neteller\/"]}]},{"@type":"BreadcrumbList","@id":"https:\/\/sportsbettingbros.com\/de\/deposit\/neteller\/#breadcrumb","itemListElement":[{"@type":"ListItem","position":1,"name":"Home","item":"https:\/\/sportsbettingbros.com\/de\/"},{"@type":"ListItem","position":2,"name":"Einzahlung und Auszahlung bei online Buchmachern","item":"https:\/\/sportsbettingbros.com\/de\/deposit\/"},{"@type":"ListItem","position":3,"name":"Neteller Review: Gute Idee, sie f\u00fcr Sportwetten zu verwenden?"}]}]}},"_links":{"self":[{"href":"https:\/\/sportsbettingbros.com\/de\/wp-json\/wp\/v2\/pages\/43"}],"collection":[{"href":"https:\/\/sportsbettingbros.com\/de\/wp-json\/wp\/v2\/pages"}],"about":[{"href":"https:\/\/sportsbettingbros.com\/de\/wp-json\/wp\/v2\/types\/page"}],"author":[{"embeddable":true,"href":"https:\/\/sportsbettingbros.com\/de\/wp-json\/wp\/v2\/users\/1"}],"replies":[{"embeddable":true,"href":"https:\/\/sportsbettingbros.com\/de\/wp-json\/wp\/v2\/comments?post=43"}],"version-history":[{"count":4,"href":"https:\/\/sportsbettingbros.com\/de\/wp-json\/wp\/v2\/pages\/43\/revisions"}],"predecessor-version":[{"id":137296,"href":"https:\/\/sportsbettingbros.com\/de\/wp-json\/wp\/v2\/pages\/43\/revisions\/137296"}],"up":[{"embeddable":true,"href":"https:\/\/sportsbettingbros.com\/de\/wp-json\/wp\/v2\/pages\/34"}],"wp:attachment":[{"href":"https:\/\/sportsbettingbros.com\/de\/wp-json\/wp\/v2\/media?parent=43"}],"curies":[{"name":"wp","href":"https:\/\/api.w.org\/{rel}","templated":true}]}}