{"id":46,"date":"2019-01-16T12:47:27","date_gmt":"2019-01-16T11:47:27","guid":{"rendered":"https:\/\/sportsbettingbros.com\/?page_id=46"},"modified":"2020-04-02T11:39:08","modified_gmt":"2020-04-02T09:39:08","slug":"paypal","status":"publish","type":"page","link":"https:\/\/sportsbettingbros.com\/de\/deposit\/paypal\/","title":{"rendered":"Online-Sportwetten mit Paypal"},"content":{"rendered":"\n<p>\nHier bei SportBettingBros haben wir verschiedene Zahlungsoptionen\ngepr\u00fcft, die die Online-Sportwettenseiten f\u00fcr Sie implementiert\nhaben. PayPal ist zuf\u00e4llig eine der vielen Optionen, die\nWettanbieter zur Finanzierung ihrer Sportwettenseiten nutzen k\u00f6nnen.\nEs bietet Ihnen schnelle Einzahlungen und bequeme Auszahlungen. Bevor\nwir auf die Einzelheiten von PayPal eingehen, m\u00fcssen wir sagen, dass\nes Ihre volle Aufmerksamkeit verdient. Es gibt einen Hauptgrund\ndaf\u00fcr, dass Sie von Anfang an \u00fcberzeugt sein werden, wagen wir zu\nsagen.<\/p>\n\n\n\n<h2>Top-PayPal-Sportwetten-Websites<\/h2>\n\n\n\n<p>Falls Sie sich\nfragen, wie wir die oben genannten PayPal-Sportwetten ausgew\u00e4hlt\nhaben, sollten Sie wissen, dass wir die folgenden Punkte\nber\u00fccksichtigt haben.<\/p>\n\n\n\n<p>Nat\u00fcrlich ist die\noberste Priorit\u00e4t, sicherzustellen, dass PayPal als Zahlungsoption\nakzeptiert wird. Falls Sie dies selbst best\u00e4tigen m\u00f6chten, k\u00f6nnen\nSie jederzeit die Kasse besuchen und PayPal als bevorzugte Option\nausw\u00e4hlen.<\/p>\n\n\n\n<p>Willkommensbonusse\nsind auch in unserer Kategorie sehr wichtig. Das\nWillkommensbonus-Paket umfasst alles von Freispielen, keine\nEinzahlungsboni oder Bareinzahlungen. Die ersten beiden Optionen\nwerden in der Regel als Zugabe eingeworfen, aber die Spieleinzahlung\nin bar ist normalerweise garantiert.<\/p>\n\n\n\n<p>Der Prozentsatz der\nR\u00fcckkehr zum Spieler ist eine weitere sehr wichtige Tatsache, die\nwir immer ber\u00fccksichtigen. Dies ist eine Zahl, die Sie bei\nAutomatenspielen antreffen werden. Bei SportBettingBros achten wir\nimmer darauf, dass diese Zahl hoch genug ist, um sicherzustellen,\ndass Sie \u00f6fter ein Gewinner sind.<\/p>\n\n\n\n<p>Vielfalt ist\nwichtig, deshalb suchen wir immer nach Online-Buchmachern, die eine\nVielzahl von Spielen anbieten. Diese Spiele reichen von\nSpielautomaten, Tischspielen, Videospielen und Spezialspielen.\nZusammen sorgen sie alle daf\u00fcr, dass Sie immer wieder zu den\nGewinnern geh\u00f6ren.<\/p>\n\n\n\n<h2>PayPal-Sportwettenseiten\nbieten un\u00fcbertroffene Sicherheit<\/h2>\n\n\n\n<p>Der Faktor, der die\nOnline-Buchmacher, die PayPal als Zahlungsoption unterst\u00fctzen,\nunterscheidet, ist die Sicherheit und der Schutz.<\/p>\n\n\n\n<p>Hier kommen wir\nheraus. Anstatt Ihre Kredit-\/Debitkartendaten an die\nOnline-Buchmacher \u00fcbermitteln zu m\u00fcssen, bedeutet die Unterst\u00fctzung\nvon PayPal als Zahlungsmethode auf jeder kommerziellen Website\nschlie\u00dflich, dass Sie niemals Ihre privaten Finanzdaten preisgeben\nm\u00fcssen. Mit anderen Worten: Alle Ihre Angaben bleiben anonym. Ihre\nprivaten Informationen bleiben auch dann privat, wenn Sie PayPal auf\nden Sportwettenseiten benutzen. Dies ist nat\u00fcrlich eine gro\u00dfartige\nNachricht!<\/p>\n\n\n\n<p>Wenn Sie sich auf\neiner Plattform befinden, die PayPal unterst\u00fctzt, w\u00e4hlen Sie\neinfach PayPal als Ihre bevorzugte Zahlungsmethode, geben Sie den\nBetrag ein, den Sie ausgeben m\u00f6chten, und los geht&#8217;s &#8211; genie\u00dfen Sie\nIhre Spielsitzung<\/p>\n\n\n\n<h2>Warum sollten Sie\ndie oben empfohlenen PayPal-Buchmacher besuchen?<\/h2>\n\n\n\n<p>Wie Sie vielleicht\ninzwischen wissen, sind die Zeiten, in denen Sie online nur mit\nKredit- oder Debitkarte bezahlen konnten, l\u00e4ngst vorbei. Mit dem\nFortschritt der Technologie gibt es eine F\u00fclle von Zahlungsoptionen,\nwenn Sie auf einige der Online-Sportwebsites f\u00fcr echtes Geld\nzugreifen m\u00f6chten. Tats\u00e4chlich sind die Optionen so vielf\u00e4ltig und\nabwechslungsreich, dass sie einen Zustrom von Spielern aller Art\nhervorrufen.<\/p>\n\n\n\n<p>Eine der wichtigsten\nOptionen ist die Nutzung von eWallets wie PayPal. Sie haben sich in\nder Online-Gl\u00fccksspielindustrie dank dieser M\u00f6glichkeiten zu einer\nHauptst\u00fctze entwickelt:<\/p>\n\n\n\n<p>Ihre zus\u00e4tzlichen\nSchichten der Informationssicherheit und des Datenschutzes<\/p>\n\n\n\n<p>Ihre\nBenutzerfreundlichkeit<\/p>\n\n\n\n<h2>Verf\u00fcgbarkeit in\nmehreren L\u00e4ndern weltweit<\/h2>\n\n\n\n<p>PayPal verf\u00fcgt \u00fcber\nall diese Funktionen und ist in mehr als 100 L\u00e4ndern verf\u00fcgbar. Es\nwurde in den sp\u00e4ten 90er Jahren gegr\u00fcndet und wird seither f\u00fcr\nzuverl\u00e4ssige und schnelle Dienstleistungen genutzt.<\/p>\n\n\n\n<h2>PayPal im Vergleich\nzu anderen E-Wallet freundlichen Buchmachern<\/h2>\n\n\n\n<p>F\u00fcr Buchmacher, die\nPayPal als Zahlungsoption unterst\u00fctzen, bietet es zahlreiche\nVorteile im Vergleich zu anderen eWallets. Dies liegt vor allem an\nder langj\u00e4hrigen Pr\u00e4senz und der langj\u00e4hrigen Erfahrung des\nUnternehmens. Wenn Sie in der Vergangenheit schon einmal mit PayPal\ngehandelt haben, wissen Sie mit hoher Wahrscheinlichkeit bereits \u00fcber\nalle Vorteile dieses hervorragenden eWallets Bescheid, insbesondere\nwenn Sie es mit anderen Optionen vergleichen, die es nicht\nunterst\u00fctzen.<\/p>\n\n\n\n<p>PayPal ist jedoch\nnicht das einzige eWallet, das online verf\u00fcgbar ist. Andere beliebte\nOptionen sind Neteller und Skrill. Sie sind heutzutage auf der gro\u00dfen\nMehrheit der mobilen und Online-Gl\u00fccksspielseiten gleicherma\u00dfen\nverf\u00fcgbar. Und in diesem Abschnitt wird jeder von ihnen kurz mit\nPayPal verglichen.<\/p>\n\n\n\n<h2>PayPal gegen Skrill<\/h2>\n\n\n\n<p>Um ehrlich zu sein,\nist es nicht einfach, Buchmacher, die PayPal unterst\u00fctzen, gegen\nsolche, die Skrill unterst\u00fctzen, auszuspielen. Beide\nZahlungsoptionen sind sehr einfach zu verwenden und gleichzeitig\nsuper sicher und zuverl\u00e4ssig. Insbesondere erheben sie auch Geb\u00fchren\nf\u00fcr ihre Dienstleistungen.<\/p>\n\n\n\n<p>Mit Skrill k\u00f6nnen\nSie jedoch VISA verwenden und Ihre Transaktion in mehr als 22\nverschiedenen W\u00e4hrungen abwickeln. Au\u00dferdem ist Skrill zuf\u00e4llig\neine der schnellsten Optionen zur Abwicklung von Zahlungen. In der\nRegel k\u00f6nnen Sie Ihre Gewinne in weniger als einem Tag oder ein paar\nStunden abheben und erhalten. Diese Gewinne k\u00f6nnen direkt auf Ihre\nVISA-Prepaid-Karte abgehoben werden.<\/p>\n\n\n\n<h2>PayPal vs. Neteller<\/h2>\n\n\n\n<p>Und dann haben wir\nNeteller. Es ist eine Zahlungsoption, die ganz \u00e4hnliche Dienste wie\nSkrill bietet. Sie kann auch mit Ihrer Prepaid-Karte aufgeladen\nwerden. Eine Sache, die Neteller bietet, die PayPal jedoch nicht\nbietet, ist die M\u00f6glichkeit, Zahlungen mit einer Prepaid-MasterCard\nzu t\u00e4tigen. Sie k\u00f6nnen auch Bargeld von Ihrem Privatkonto auf Ihr\nNeteller-Konto laden und es an jedem MasterCard-Punkt einfach\nabheben.<\/p>\n\n\n\n<p>Wenn Sie dies von\neinem Online-Sportwettpunkt aus betrachten, bedeutet dies, dass Sie\nIhre Gewinne auf Ihre Prepaid-Karte zur\u00fcckladen und das Geld an\njedem beliebigen Geldautomaten abheben k\u00f6nnen. Dies ist der klare\nVorteil, den Skrill gegen\u00fcber PayPal hat.<\/p>\n\n\n\n<h2>Schlussfolgerung:\nPayPal ist der Weg zum Ziel!<\/h2>\n\n\n\n<p>Alles in allem sind\nPayPal und andere eWallets zu bedeutenden Akteuren in der\nOnline-Gl\u00fccksspielbranche geworden. Mit einer einfach zu bedienenden\nBenutzeroberfl\u00e4che und modernster Sicherheitstechnologie im\nHintergrund ist es nicht schwer, die Vorz\u00fcge dieser eWallets zu\nerkennen. Wir sind der festen \u00dcberzeugung, dass jeder ernsthafte\nSpieler in Betracht ziehen sollte, PayPal bei einem Buchmacher zu\nverwenden, der es als Zahlungsoption unterst\u00fctzt. Noch wichtiger\nist, dass Slots sehr wichtige Spiele sind, die Sie auf den\nPayPal-Sportwetten-Websites leicht gewinnen k\u00f6nnen.<\/p>\n\n\n\n<p>Nur um es kurz zu\nerw\u00e4hnen: Die Sportveranstaltungen werden mit verschiedenen\nWettm\u00f6glichkeiten angeboten. Und wir bei SportBettingBros glauben\nfest daran, dass Sie eine finden werden, die ein Thema hat, das Ihnen\ngef\u00e4llt. Diese Themen sind gef\u00fcllt mit interessanten Geschichten,\nSpielstilen, speziellen In-Game-Features und Bonusrunden.<\/p>\n\n\n\n<h2>PayPal-Sportwetten-FAQs<\/h2>\n\n\n\n<div class=\"schema-faq wp-block-yoast-faq-block\"><div class=\"schema-faq-section\" id=\"faq-question-1585820257381\"><strong class=\"schema-faq-question\">Sind bei der Nutzung von PayPal Geb\u00fchren die anfallen?<\/strong> <p class=\"schema-faq-answer\">Geb\u00fchren fallen nur an, wenn Sie Ihr Geld von Ihrem PayPal-Konto abheben. In der Regel betragen die Geb\u00fchren je nach Art Ihres PayPal-Kontos mindestens 10%. Am besten stellen Sie sicher, dass Sie ein pers\u00f6nliches Konto anstelle eines Gesch\u00e4ftskontos er\u00f6ffnet haben. Auf diese Weise erhalten Sie weniger Geb\u00fchren.<\/p> <\/div> <div class=\"schema-faq-section\" id=\"faq-question-1585820269360\"><strong class=\"schema-faq-question\">Muss ich Dokumente vorlegen, wenn ich bei einem PayPal-Buchmacher abheben m\u00f6chte?<\/strong> <p class=\"schema-faq-answer\">Alle Buchmacher, die in Europa und im Vereinigten K\u00f6nigreich zugelassen sind, sind gesetzlich verpflichtet, sicherzustellen, dass keine Geldw\u00e4sche stattfindet. Bevor die Branche lizenziert wurde, nutzten die Geldw\u00e4scher die schwachen Gesetze aus und setzten die Buchmacher zur Geldw\u00e4sche ein. Um dies zu verhindern, sind die Buchmacher daher verpflichtet, Sie bei der Abhebung von Bargeld um die Vorlage folgender Dokumente zu bitten.<br\/>Eine Kopie Ihres Ausweises<br\/>Eine Kopie Ihrer Versorgungsrechnung, die mindestens drei Monate zur\u00fcckliegt<br\/>Eine Kopie Ihres Milit\u00e4rausweises (falls Sie keinen Ausweis haben)<\/p> <\/div> <div class=\"schema-faq-section\" id=\"faq-question-1585820284206\"><strong class=\"schema-faq-question\">Wie lange dauert eine Transaktion bei der Verwendung von PayPal im Durchschnitt?<\/strong> <p class=\"schema-faq-answer\">Diese variiert je nach dem Geldbetrag, den Sie abheben. Im Durchschnitt sollten Sie jedoch nicht mehr als 2 Stunden f\u00fcr kleine Transaktionen und 48 Stunden f\u00fcr die Bearbeitung gro\u00dfer Transaktionen ben\u00f6tigen.<\/p> <\/div> <\/div>\n","protected":false},"excerpt":{"rendered":"<p>Hier bei SportBettingBros haben wir verschiedene Zahlungsoptionen gepr\u00fcft, die die Online-Sportwettenseiten f\u00fcr Sie implementiert haben. PayPal ist zuf\u00e4llig eine der vielen Optionen, die Wettanbieter zur Finanzierung ihrer Sportwettenseiten nutzen k\u00f6nnen. Es bietet Ihnen schnelle Einzahlungen und bequeme Auszahlungen. Bevor wir<a class=\"excerpt-read-more\" href=\"https:\/\/sportsbettingbros.com\/de\/deposit\/paypal\/\" title=\"ReadOnline-Sportwetten mit Paypal\">&#8230; Read more &raquo;<\/a><\/p>\n","protected":false},"author":1,"featured_media":0,"parent":34,"menu_order":0,"comment_status":"closed","ping_status":"closed","template":"","meta":[],"yoast_head":"<!-- This site is optimized with the Yoast SEO plugin v19.4 - https:\/\/yoast.com\/wordpress\/plugins\/seo\/ -->\n<title>Online-Sportwetten mit Paypal - SportsBettingBros<\/title>\n<meta name=\"robots\" content=\"index, follow, max-snippet:-1, max-image-preview:large, max-video-preview:-1\" \/>\n<link rel=\"canonical\" href=\"https:\/\/sportsbettingbros.com\/de\/deposit\/paypal\/\" \/>\n<meta property=\"og:locale\" content=\"de_DE\" \/>\n<meta property=\"og:type\" content=\"article\" \/>\n<meta property=\"og:title\" content=\"Online-Sportwetten mit Paypal - SportsBettingBros\" \/>\n<meta property=\"og:description\" content=\"Hier bei SportBettingBros haben wir verschiedene Zahlungsoptionen gepr\u00fcft, die die Online-Sportwettenseiten f\u00fcr Sie implementiert haben. PayPal ist zuf\u00e4llig eine der vielen Optionen, die Wettanbieter zur Finanzierung ihrer Sportwettenseiten nutzen k\u00f6nnen. Es bietet Ihnen schnelle Einzahlungen und bequeme Auszahlungen. Bevor wir... Read more &raquo;\" \/>\n<meta property=\"og:url\" content=\"https:\/\/sportsbettingbros.com\/de\/deposit\/paypal\/\" \/>\n<meta property=\"og:site_name\" content=\"SportsBettingBros\" \/>\n<meta property=\"article:modified_time\" content=\"2020-04-02T09:39:08+00:00\" \/>\n<meta name=\"twitter:card\" content=\"summary_large_image\" \/>\n<meta name=\"twitter:label1\" content=\"Gesch\u00e4tzte Lesezeit\" \/>\n\t<meta name=\"twitter:data1\" content=\"6\u00a0Minuten\" \/>\n<script type=\"application\/ld+json\" class=\"yoast-schema-graph\">{\"@context\":\"https:\/\/schema.org\",\"@graph\":[{\"@type\":\"WebSite\",\"@id\":\"https:\/\/sportsbettingbros.com\/de\/#website\",\"url\":\"https:\/\/sportsbettingbros.com\/de\/\",\"name\":\"SportsBettingBros\",\"description\":\"\",\"potentialAction\":[{\"@type\":\"SearchAction\",\"target\":{\"@type\":\"EntryPoint\",\"urlTemplate\":\"https:\/\/sportsbettingbros.com\/de\/?s={search_term_string}\"},\"query-input\":\"required name=search_term_string\"}],\"inLanguage\":\"de\"},{\"@type\":[\"WebPage\",\"FAQPage\"],\"@id\":\"https:\/\/sportsbettingbros.com\/de\/deposit\/paypal\/\",\"url\":\"https:\/\/sportsbettingbros.com\/de\/deposit\/paypal\/\",\"name\":\"Online-Sportwetten mit Paypal - SportsBettingBros\",\"isPartOf\":{\"@id\":\"https:\/\/sportsbettingbros.com\/de\/#website\"},\"datePublished\":\"2019-01-16T11:47:27+00:00\",\"dateModified\":\"2020-04-02T09:39:08+00:00\",\"breadcrumb\":{\"@id\":\"https:\/\/sportsbettingbros.com\/de\/deposit\/paypal\/#breadcrumb\"},\"mainEntity\":[{\"@id\":\"https:\/\/sportsbettingbros.com\/de\/deposit\/paypal\/#faq-question-1585820257381\"},{\"@id\":\"https:\/\/sportsbettingbros.com\/de\/deposit\/paypal\/#faq-question-1585820269360\"},{\"@id\":\"https:\/\/sportsbettingbros.com\/de\/deposit\/paypal\/#faq-question-1585820284206\"}],\"inLanguage\":\"de\",\"potentialAction\":[{\"@type\":\"ReadAction\",\"target\":[\"https:\/\/sportsbettingbros.com\/de\/deposit\/paypal\/\"]}]},{\"@type\":\"BreadcrumbList\",\"@id\":\"https:\/\/sportsbettingbros.com\/de\/deposit\/paypal\/#breadcrumb\",\"itemListElement\":[{\"@type\":\"ListItem\",\"position\":1,\"name\":\"Home\",\"item\":\"https:\/\/sportsbettingbros.com\/de\/\"},{\"@type\":\"ListItem\",\"position\":2,\"name\":\"Einzahlung und Auszahlung bei online Buchmachern\",\"item\":\"https:\/\/sportsbettingbros.com\/de\/deposit\/\"},{\"@type\":\"ListItem\",\"position\":3,\"name\":\"Online-Sportwetten mit Paypal\"}]},{\"@type\":\"Question\",\"@id\":\"https:\/\/sportsbettingbros.com\/de\/deposit\/paypal\/#faq-question-1585820257381\",\"position\":1,\"url\":\"https:\/\/sportsbettingbros.com\/de\/deposit\/paypal\/#faq-question-1585820257381\",\"name\":\"Sind bei der Nutzung von PayPal Geb\u00fchren die anfallen?\",\"answerCount\":1,\"acceptedAnswer\":{\"@type\":\"Answer\",\"text\":\"Geb\u00fchren fallen nur an, wenn Sie Ihr Geld von Ihrem PayPal-Konto abheben. In der Regel betragen die Geb\u00fchren je nach Art Ihres PayPal-Kontos mindestens 10%. Am besten stellen Sie sicher, dass Sie ein pers\u00f6nliches Konto anstelle eines Gesch\u00e4ftskontos er\u00f6ffnet haben. Auf diese Weise erhalten Sie weniger Geb\u00fchren.\",\"inLanguage\":\"de\"},\"inLanguage\":\"de\"},{\"@type\":\"Question\",\"@id\":\"https:\/\/sportsbettingbros.com\/de\/deposit\/paypal\/#faq-question-1585820269360\",\"position\":2,\"url\":\"https:\/\/sportsbettingbros.com\/de\/deposit\/paypal\/#faq-question-1585820269360\",\"name\":\"Muss ich Dokumente vorlegen, wenn ich bei einem PayPal-Buchmacher abheben m\u00f6chte?\",\"answerCount\":1,\"acceptedAnswer\":{\"@type\":\"Answer\",\"text\":\"Alle Buchmacher, die in Europa und im Vereinigten K\u00f6nigreich zugelassen sind, sind gesetzlich verpflichtet, sicherzustellen, dass keine Geldw\u00e4sche stattfindet. Bevor die Branche lizenziert wurde, nutzten die Geldw\u00e4scher die schwachen Gesetze aus und setzten die Buchmacher zur Geldw\u00e4sche ein. Um dies zu verhindern, sind die Buchmacher daher verpflichtet, Sie bei der Abhebung von Bargeld um die Vorlage folgender Dokumente zu bitten.<br\/>Eine Kopie Ihres Ausweises<br\/>Eine Kopie Ihrer Versorgungsrechnung, die mindestens drei Monate zur\u00fcckliegt<br\/>Eine Kopie Ihres Milit\u00e4rausweises (falls Sie keinen Ausweis haben)\",\"inLanguage\":\"de\"},\"inLanguage\":\"de\"},{\"@type\":\"Question\",\"@id\":\"https:\/\/sportsbettingbros.com\/de\/deposit\/paypal\/#faq-question-1585820284206\",\"position\":3,\"url\":\"https:\/\/sportsbettingbros.com\/de\/deposit\/paypal\/#faq-question-1585820284206\",\"name\":\"Wie lange dauert eine Transaktion bei der Verwendung von PayPal im Durchschnitt?\",\"answerCount\":1,\"acceptedAnswer\":{\"@type\":\"Answer\",\"text\":\"Diese variiert je nach dem Geldbetrag, den Sie abheben. Im Durchschnitt sollten Sie jedoch nicht mehr als 2 Stunden f\u00fcr kleine Transaktionen und 48 Stunden f\u00fcr die Bearbeitung gro\u00dfer Transaktionen ben\u00f6tigen.\",\"inLanguage\":\"de\"},\"inLanguage\":\"de\"}]}<\/script>\n<!-- \/ Yoast SEO plugin. -->","yoast_head_json":{"title":"Online-Sportwetten mit Paypal - SportsBettingBros","robots":{"index":"index","follow":"follow","max-snippet":"max-snippet:-1","max-image-preview":"max-image-preview:large","max-video-preview":"max-video-preview:-1"},"canonical":"https:\/\/sportsbettingbros.com\/de\/deposit\/paypal\/","og_locale":"de_DE","og_type":"article","og_title":"Online-Sportwetten mit Paypal - SportsBettingBros","og_description":"Hier bei SportBettingBros haben wir verschiedene Zahlungsoptionen gepr\u00fcft, die die Online-Sportwettenseiten f\u00fcr Sie implementiert haben. PayPal ist zuf\u00e4llig eine der vielen Optionen, die Wettanbieter zur Finanzierung ihrer Sportwettenseiten nutzen k\u00f6nnen. Es bietet Ihnen schnelle Einzahlungen und bequeme Auszahlungen. Bevor wir... Read more &raquo;","og_url":"https:\/\/sportsbettingbros.com\/de\/deposit\/paypal\/","og_site_name":"SportsBettingBros","article_modified_time":"2020-04-02T09:39:08+00:00","twitter_card":"summary_large_image","twitter_misc":{"Gesch\u00e4tzte Lesezeit":"6\u00a0Minuten"},"schema":{"@context":"https:\/\/schema.org","@graph":[{"@type":"WebSite","@id":"https:\/\/sportsbettingbros.com\/de\/#website","url":"https:\/\/sportsbettingbros.com\/de\/","name":"SportsBettingBros","description":"","potentialAction":[{"@type":"SearchAction","target":{"@type":"EntryPoint","urlTemplate":"https:\/\/sportsbettingbros.com\/de\/?s={search_term_string}"},"query-input":"required name=search_term_string"}],"inLanguage":"de"},{"@type":["WebPage","FAQPage"],"@id":"https:\/\/sportsbettingbros.com\/de\/deposit\/paypal\/","url":"https:\/\/sportsbettingbros.com\/de\/deposit\/paypal\/","name":"Online-Sportwetten mit Paypal - SportsBettingBros","isPartOf":{"@id":"https:\/\/sportsbettingbros.com\/de\/#website"},"datePublished":"2019-01-16T11:47:27+00:00","dateModified":"2020-04-02T09:39:08+00:00","breadcrumb":{"@id":"https:\/\/sportsbettingbros.com\/de\/deposit\/paypal\/#breadcrumb"},"mainEntity":[{"@id":"https:\/\/sportsbettingbros.com\/de\/deposit\/paypal\/#faq-question-1585820257381"},{"@id":"https:\/\/sportsbettingbros.com\/de\/deposit\/paypal\/#faq-question-1585820269360"},{"@id":"https:\/\/sportsbettingbros.com\/de\/deposit\/paypal\/#faq-question-1585820284206"}],"inLanguage":"de","potentialAction":[{"@type":"ReadAction","target":["https:\/\/sportsbettingbros.com\/de\/deposit\/paypal\/"]}]},{"@type":"BreadcrumbList","@id":"https:\/\/sportsbettingbros.com\/de\/deposit\/paypal\/#breadcrumb","itemListElement":[{"@type":"ListItem","position":1,"name":"Home","item":"https:\/\/sportsbettingbros.com\/de\/"},{"@type":"ListItem","position":2,"name":"Einzahlung und Auszahlung bei online Buchmachern","item":"https:\/\/sportsbettingbros.com\/de\/deposit\/"},{"@type":"ListItem","position":3,"name":"Online-Sportwetten mit Paypal"}]},{"@type":"Question","@id":"https:\/\/sportsbettingbros.com\/de\/deposit\/paypal\/#faq-question-1585820257381","position":1,"url":"https:\/\/sportsbettingbros.com\/de\/deposit\/paypal\/#faq-question-1585820257381","name":"Sind bei der Nutzung von PayPal Geb\u00fchren die anfallen?","answerCount":1,"acceptedAnswer":{"@type":"Answer","text":"Geb\u00fchren fallen nur an, wenn Sie Ihr Geld von Ihrem PayPal-Konto abheben. In der Regel betragen die Geb\u00fchren je nach Art Ihres PayPal-Kontos mindestens 10%. Am besten stellen Sie sicher, dass Sie ein pers\u00f6nliches Konto anstelle eines Gesch\u00e4ftskontos er\u00f6ffnet haben. Auf diese Weise erhalten Sie weniger Geb\u00fchren.","inLanguage":"de"},"inLanguage":"de"},{"@type":"Question","@id":"https:\/\/sportsbettingbros.com\/de\/deposit\/paypal\/#faq-question-1585820269360","position":2,"url":"https:\/\/sportsbettingbros.com\/de\/deposit\/paypal\/#faq-question-1585820269360","name":"Muss ich Dokumente vorlegen, wenn ich bei einem PayPal-Buchmacher abheben m\u00f6chte?","answerCount":1,"acceptedAnswer":{"@type":"Answer","text":"Alle Buchmacher, die in Europa und im Vereinigten K\u00f6nigreich zugelassen sind, sind gesetzlich verpflichtet, sicherzustellen, dass keine Geldw\u00e4sche stattfindet. Bevor die Branche lizenziert wurde, nutzten die Geldw\u00e4scher die schwachen Gesetze aus und setzten die Buchmacher zur Geldw\u00e4sche ein. Um dies zu verhindern, sind die Buchmacher daher verpflichtet, Sie bei der Abhebung von Bargeld um die Vorlage folgender Dokumente zu bitten.<br\/>Eine Kopie Ihres Ausweises<br\/>Eine Kopie Ihrer Versorgungsrechnung, die mindestens drei Monate zur\u00fcckliegt<br\/>Eine Kopie Ihres Milit\u00e4rausweises (falls Sie keinen Ausweis haben)","inLanguage":"de"},"inLanguage":"de"},{"@type":"Question","@id":"https:\/\/sportsbettingbros.com\/de\/deposit\/paypal\/#faq-question-1585820284206","position":3,"url":"https:\/\/sportsbettingbros.com\/de\/deposit\/paypal\/#faq-question-1585820284206","name":"Wie lange dauert eine Transaktion bei der Verwendung von PayPal im Durchschnitt?","answerCount":1,"acceptedAnswer":{"@type":"Answer","text":"Diese variiert je nach dem Geldbetrag, den Sie abheben. Im Durchschnitt sollten Sie jedoch nicht mehr als 2 Stunden f\u00fcr kleine Transaktionen und 48 Stunden f\u00fcr die Bearbeitung gro\u00dfer Transaktionen ben\u00f6tigen.","inLanguage":"de"},"inLanguage":"de"}]}},"_links":{"self":[{"href":"https:\/\/sportsbettingbros.com\/de\/wp-json\/wp\/v2\/pages\/46"}],"collection":[{"href":"https:\/\/sportsbettingbros.com\/de\/wp-json\/wp\/v2\/pages"}],"about":[{"href":"https:\/\/sportsbettingbros.com\/de\/wp-json\/wp\/v2\/types\/page"}],"author":[{"embeddable":true,"href":"https:\/\/sportsbettingbros.com\/de\/wp-json\/wp\/v2\/users\/1"}],"replies":[{"embeddable":true,"href":"https:\/\/sportsbettingbros.com\/de\/wp-json\/wp\/v2\/comments?post=46"}],"version-history":[{"count":5,"href":"https:\/\/sportsbettingbros.com\/de\/wp-json\/wp\/v2\/pages\/46\/revisions"}],"predecessor-version":[{"id":137298,"href":"https:\/\/sportsbettingbros.com\/de\/wp-json\/wp\/v2\/pages\/46\/revisions\/137298"}],"up":[{"embeddable":true,"href":"https:\/\/sportsbettingbros.com\/de\/wp-json\/wp\/v2\/pages\/34"}],"wp:attachment":[{"href":"https:\/\/sportsbettingbros.com\/de\/wp-json\/wp\/v2\/media?parent=46"}],"curies":[{"name":"wp","href":"https:\/\/api.w.org\/{rel}","templated":true}]}}