{"id":49,"date":"2019-01-16T12:48:05","date_gmt":"2019-01-16T11:48:05","guid":{"rendered":"https:\/\/sportsbettingbros.com\/?page_id=49"},"modified":"2020-04-02T11:41:37","modified_gmt":"2020-04-02T09:41:37","slug":"paysafecard","status":"publish","type":"page","link":"https:\/\/sportsbettingbros.com\/de\/deposit\/paysafecard\/","title":{"rendered":"Paysafecard Buchmacher"},"content":{"rendered":"\n<p>Die Welt der Online-Gl\u00fccksspiele h\u00f6rt nie auf, uns zu erstaunen; angefangen bei den aufregenden Spielen bis hin zu den vielf\u00e4ltigen Einzahlungsmethoden, die sie immer wieder aufs Neue anbieten. Hier kommt die Einzahlung mit Paysafecard ins Spiel. Wenn Sie noch nie davon geh\u00f6rt haben, machen Sie mit!<\/p>\n\n\n\n<p>Offenbar ist Paysafecard eine innovative Art und Weise, Ihr Konto zu finanzieren. Wenn Sie sich f\u00fcr Paysafecard entscheiden, nutzen Sie eine der schnellsten und sichersten Einzahlungsmethoden im Internet. Im Folgenden finden Sie eine kurze \u00dcbersicht \u00fcber alles, was Sie \u00fcber diese Zahlungsmethode wissen m\u00fcssen.<\/p>\n\n\n\n<h2>Was genau ist Paysafecard?<\/h2>\n\n\n\n<p>Paysafecard ist eine Online-Zahlungsmethode, mit der Sie jederzeit Transaktionen im Bereich der Sportwetten durchf\u00fchren k\u00f6nnen. Es ist eine sichere, einfach zu benutzende und anonyme Art, Zahlungen zu t\u00e4tigen. Im Gegensatz zu eWallets, die nur online verf\u00fcgbar sind, ist Paysafecard nur offline verf\u00fcgbar. Sie k\u00f6nnen Paysafecard-Marken in elektronischen Gesch\u00e4ften, Buchhandlungen, Banken, Tankstellen, Zeitungskiosken, Post\u00e4mtern, elektronischen Gesch\u00e4ften und vielen anderen kaufen.<\/p>\n\n\n\n<p>F\u00fcr Einzahlungen mit Paysafecard ben\u00f6tigen Sie kein Bankkonto und keine Kreditkarte. Das bedeutet, dass Sie nur die sicherste und einfachste L\u00f6sung in Gang setzen. An den verschiedenen Standorten, an denen Paysafecard erh\u00e4ltlich ist, k\u00f6nnen Sie diese im Wert von 10, 25, 50 und 100 \u20ac erwerben.<\/p>\n\n\n\n<p>Das urspr\u00fcngliche Unternehmen wurde im Jahr 200 von einer Gruppe von Australiern gegr\u00fcndet. Sie entschieden sich f\u00fcr den Standort Wien, wo sich auch heute noch der Hauptsitz des Unternehmens befindet. Von hier aus verbreiteten sie sich in andere L\u00e4nder weltweit, um ihre Dienstleistungen in mehr als 46 L\u00e4ndern, darunter auch in Gro\u00dfbritannien, anzubieten. Aber wie weit ist Paysafecard bei den Online-Wettplattformen verbreitet?<\/p>\n\n\n\n<h2>Arbeitsmechanismus von Paysafecard<\/h2>\n\n\n\n<p>Die Verwendung von Paysafecard als Zahlungsmethode kommt der Verwendung von echtem Geld auf den Online-Sportwettenseiten gleich. Wenn Sie die Paysafecard als Zahlungsmethode verwenden, m\u00fcssen Sie die offizielle Paysafecard-Website besuchen. Verwenden Sie das Feld &#8218;Verkaufsstellen finden&#8216;, um einen H\u00e4ndler in Ihrer N\u00e4he zu finden, der Ihre Paysafecard verkauft oder aufladen kann. Diese Methode hat auch eine Option f\u00fcr Android- und iOS-Benutzer beinhaltet.<\/p>\n\n\n\n<p>Sobald Sie Ihre Karte gekauft haben, erhalten Sie einen 16-stelligen PIN-Code. Diesen Code m\u00fcssen Sie eingeben, um Ihre Transaktion abzuschlie\u00dfen.<\/p>\n\n\n\n<p>Wenn Sie Ihre Prepaid-Karte aufladen oder kaufen, haben Sie die M\u00f6glichkeit, eine Karte im Wert von 10, 25, 50 oder 100 Euro zu erwerben. Auf der Sportwetten-Website gibt es verschiedene Limits, die von einem niedrigen Wert von 300 \u20ac bis zu einem Maximum von 500 \u20ac pro Einzahlung reichen. Das bedeutet, dass Sie jeden Tag mehrere Karten verwenden k\u00f6nnen. Die Mindesteinzahlung, die Sie vornehmen k\u00f6nnen, liegt in der Regel zwischen 10 und 20 \u20ac pro Transaktion.<\/p>\n\n\n\n<h2>Wie man Paysafecard bei den Buchmachern verwendet<\/h2>\n\n\n\n<p>Sobald Sie sich auf Ihrer bevorzugten Sportwetten-Website angemeldet haben, m\u00fcssen Sie echtes Geld einzahlen, um Spiele um echtes Geld spielen zu k\u00f6nnen. Um dieses Verfahren mit Paysafecard abzuschlie\u00dfen, m\u00fcssen Sie die folgenden Schritte befolgen:<\/p>\n\n\n\n<p>Klicken Sie auf den Men\u00fcabschnitt und w\u00e4hlen Sie Paysafecard als Ihre bevorzugte Option. In einigen F\u00e4llen befindet sich die Option Paysafecard unter dem Men\u00fc f\u00fcr vorausbezahlte Karten.<\/p>\n\n\n\n<p>Wenn Sie Paysafecard w\u00e4hlen, wird ein Pop-up-Men\u00fc angezeigt. In diesem Pop-up-Men\u00fc m\u00fcssen Sie den 16-stelligen Code und den Betrag, den Sie einzahlen m\u00f6chten, eingeben.<\/p>\n\n\n\n<p>Klicken Sie auf Einzahlung, um die Transaktion abzuschlie\u00dfen.<\/p>\n\n\n\n<p>Es gibt ein paar Dinge, die Sie beachten m\u00fcssen, wenn es um Paysafecard geht.<\/p>\n\n\n\n<p>Wenn Sie mehr als das auf der Karte gespeicherte Geld einzahlen m\u00f6chten, m\u00fcssen Sie mehr als eine Karte pro Tag verwenden.<\/p>\n\n\n\n<p>Da es sich bei Paysafecard um eine Prepaid-Karte handelt, gibt es keine Bestimmung, die es Ihnen erlaubt, auf Ihre Karte zur\u00fcck zu wechseln. Das bedeutet, dass Sie eine alternative Zahlungsmethode verwenden m\u00fcssen, um Ihre Gewinne abzuheben.<\/p>\n\n\n\n<h2>Empfohlene Paysafecard-Sportwettenseiten<\/h2>\n\n\n\n<p>Unsere erste Wahl f\u00fcr 2020 ist SpinSports.<\/p>\n\n\n\n<h2>Die Vorteile der Paysafecard<\/h2>\n\n\n\n<p>Die meisten der direkten Zahlungsm\u00f6glichkeiten scheinen auf der Online-Sportwetten-Website so viele Vorteile zu haben. Paysafecard und andere APMs bieten jedoch bemerkenswerte Vorteile. Zu den wesentlichen Vorteilen geh\u00f6ren die folgenden.<\/p>\n\n\n\n<p>&#8211; Die Transaktionen sind viel schneller &#8211; \u00dcberraschenderweise sind Einzahlungen auf Ihr Konto mit Paysafecard in der Regel schneller als direkte Zahlungen &#8211; nat\u00fcrlich mit einigen Minuten<\/p>\n\n\n\n<p>&#8211; Sicherheit &#8211; Wenn Sie eWallets verwenden, gibt es normalerweise einen Puffer zwischen Ihren Debit-\/Kreditkartendaten und dem H\u00e4ndler, bei dem Sie einkaufen m\u00f6chten. Dadurch werden Ihre Daten einem Betrug ausgesetzt. Bei Paysafecard ist dieses Risiko ausgeschlossen, da Sie nur die 16-stellige PIN eingeben m\u00fcssen, um Ihr Konto aufzuladen.<\/p>\n\n\n\n<p>&#8211; Billiger &#8211; Paysafecard ist nicht nur schneller und bietet sicherere Transaktionen, sondern ist auch billiger in der Anwendung.<\/p>\n\n\n\n<h2>Wie viel kostet die Verwendung von Paysafecard<\/h2>\n\n\n\n<p>Nur um es klarzustellen, es gibt keine zus\u00e4tzlichen Kosten beim Kauf oder bei der Ausgabe von Paysafecard. Selbst wenn Sie Ihre Geschichte oder Ihr Guthaben auf Ihrer Paysafecard einsehen, fallen keine zus\u00e4tzlichen Kosten an. Es gibt jedoch gewisse Einschr\u00e4nkungen und Geb\u00fchren, die Sie unserer Meinung nach beachten sollten. Dazu geh\u00f6ren die folgenden.<\/p>\n\n\n\n<p>Beim Einl\u00f6sen des Restbetrags Ihrer Paysafecard fallen 6 Dollar Geb\u00fchren an. Diese Geb\u00fchr wird direkt von Ihrer Paysafecard abgezogen, so dass Sie ein Guthaben von mindestens $7 ben\u00f6tigen.<\/p>\n\n\n\n<p>Paysafecard erhebt auch eine monatliche Wartungsgeb\u00fchr von 2 Dollar pro Monat ab 12 Monaten nach dem Kauf. Dieses Guthaben wird ebenfalls direkt von Ihrem Guthaben abgezogen.<\/p>\n\n\n\n<p>Es gibt auch Kosten f\u00fcr die Zahlung in verschiedenen W\u00e4hrungen. Diese Geb\u00fchren liegen zwischen 2 und 2,04% des Betrags, den Sie get\u00e4tigt haben.<\/p>\n\n\n\n<p>F\u00fcr die Verwendung der Paysafecard zum Aufladen von MasterCard rePower m\u00fcssen Sie eine Geb\u00fchr von 3,25 $ zahlen.<\/p>\n\n\n\n<h2>Wichtige Hinweise zur Paysafecard<\/h2>\n\n\n\n<p>Es gibt ein paar Dinge, die Sie bei der Verwendung Ihrer eWallet beachten m\u00fcssen:<\/p>\n\n\n\n<p>Die Paysafecard ist regionsspezifisch. Es gibt Wettanbieter aus bestimmten L\u00e4ndern, die diese Zahlungsoption nicht nutzen k\u00f6nnen. Daher ist es ratsam, vor der Verwendung der Karte durch den Abschnitt mit den Gesch\u00e4ftsbedingungen zu bl\u00e4ttern, um zu sehen, ob sie f\u00fcr Ihre Region unterst\u00fctzt wird.<\/p>\n\n\n\n<p>Solange Sie Ihre 16-stellige Pin haben, sind Ihre Transaktionen jederzeit sicher. Stellen Sie immer sicher, dass Sie sie um jeden Preis gesichert haben.<\/p>\n\n\n\n<h2>Fazit &#8211; Ist es sicher, Paysafecard zu verwenden?<\/h2>\n\n\n\n<p>Paysafecard ist sicherlich sicher. Sie sind so \u00fcberzeugt von der Sicherheit, dass sie beschlossen haben, den Namen &#8222;Safe&#8220; in den Firmennamen aufzunehmen. Zahlungen mit Paysafecard sind genauso sicher wie mit echtem Geld. Besuchen Sie einfach Ihren Verk\u00e4ufer und zahlen Sie bar, um Ihre Karte aufzuladen. Danach geben Sie die geheime 16-stellige PIN am Online-Sportwettenschalter ein und schon spielen Sie Ihr Spiel, bevor Sie es merken!<\/p>\n","protected":false},"excerpt":{"rendered":"<p>Die Welt der Online-Gl\u00fccksspiele h\u00f6rt nie auf, uns zu erstaunen; angefangen bei den aufregenden Spielen bis hin zu den vielf\u00e4ltigen Einzahlungsmethoden, die sie immer wieder aufs Neue anbieten. Hier kommt die Einzahlung mit Paysafecard ins Spiel. Wenn Sie noch nie<a class=\"excerpt-read-more\" href=\"https:\/\/sportsbettingbros.com\/de\/deposit\/paysafecard\/\" title=\"ReadPaysafecard Buchmacher\">&#8230; Read more &raquo;<\/a><\/p>\n","protected":false},"author":1,"featured_media":0,"parent":34,"menu_order":0,"comment_status":"closed","ping_status":"closed","template":"","meta":[],"yoast_head":"<!-- This site is optimized with the Yoast SEO plugin v19.4 - https:\/\/yoast.com\/wordpress\/plugins\/seo\/ -->\n<title>Paysafecard Buchmacher - SportsBettingBros<\/title>\n<meta name=\"robots\" content=\"index, follow, max-snippet:-1, max-image-preview:large, max-video-preview:-1\" \/>\n<link rel=\"canonical\" href=\"https:\/\/sportsbettingbros.com\/de\/deposit\/paysafecard\/\" \/>\n<meta property=\"og:locale\" content=\"de_DE\" \/>\n<meta property=\"og:type\" content=\"article\" \/>\n<meta property=\"og:title\" content=\"Paysafecard Buchmacher - SportsBettingBros\" \/>\n<meta property=\"og:description\" content=\"Die Welt der Online-Gl\u00fccksspiele h\u00f6rt nie auf, uns zu erstaunen; angefangen bei den aufregenden Spielen bis hin zu den vielf\u00e4ltigen Einzahlungsmethoden, die sie immer wieder aufs Neue anbieten. Hier kommt die Einzahlung mit Paysafecard ins Spiel. Wenn Sie noch nie... Read more &raquo;\" \/>\n<meta property=\"og:url\" content=\"https:\/\/sportsbettingbros.com\/de\/deposit\/paysafecard\/\" \/>\n<meta property=\"og:site_name\" content=\"SportsBettingBros\" \/>\n<meta property=\"article:modified_time\" content=\"2020-04-02T09:41:37+00:00\" \/>\n<meta name=\"twitter:card\" content=\"summary_large_image\" \/>\n<meta name=\"twitter:label1\" content=\"Gesch\u00e4tzte Lesezeit\" \/>\n\t<meta name=\"twitter:data1\" content=\"5\u00a0Minuten\" \/>\n<script type=\"application\/ld+json\" class=\"yoast-schema-graph\">{\"@context\":\"https:\/\/schema.org\",\"@graph\":[{\"@type\":\"WebSite\",\"@id\":\"https:\/\/sportsbettingbros.com\/de\/#website\",\"url\":\"https:\/\/sportsbettingbros.com\/de\/\",\"name\":\"SportsBettingBros\",\"description\":\"\",\"potentialAction\":[{\"@type\":\"SearchAction\",\"target\":{\"@type\":\"EntryPoint\",\"urlTemplate\":\"https:\/\/sportsbettingbros.com\/de\/?s={search_term_string}\"},\"query-input\":\"required name=search_term_string\"}],\"inLanguage\":\"de\"},{\"@type\":\"WebPage\",\"@id\":\"https:\/\/sportsbettingbros.com\/de\/deposit\/paysafecard\/\",\"url\":\"https:\/\/sportsbettingbros.com\/de\/deposit\/paysafecard\/\",\"name\":\"Paysafecard Buchmacher - SportsBettingBros\",\"isPartOf\":{\"@id\":\"https:\/\/sportsbettingbros.com\/de\/#website\"},\"datePublished\":\"2019-01-16T11:48:05+00:00\",\"dateModified\":\"2020-04-02T09:41:37+00:00\",\"breadcrumb\":{\"@id\":\"https:\/\/sportsbettingbros.com\/de\/deposit\/paysafecard\/#breadcrumb\"},\"inLanguage\":\"de\",\"potentialAction\":[{\"@type\":\"ReadAction\",\"target\":[\"https:\/\/sportsbettingbros.com\/de\/deposit\/paysafecard\/\"]}]},{\"@type\":\"BreadcrumbList\",\"@id\":\"https:\/\/sportsbettingbros.com\/de\/deposit\/paysafecard\/#breadcrumb\",\"itemListElement\":[{\"@type\":\"ListItem\",\"position\":1,\"name\":\"Home\",\"item\":\"https:\/\/sportsbettingbros.com\/de\/\"},{\"@type\":\"ListItem\",\"position\":2,\"name\":\"Einzahlung und Auszahlung bei online Buchmachern\",\"item\":\"https:\/\/sportsbettingbros.com\/de\/deposit\/\"},{\"@type\":\"ListItem\",\"position\":3,\"name\":\"Paysafecard Buchmacher\"}]}]}<\/script>\n<!-- \/ Yoast SEO plugin. -->","yoast_head_json":{"title":"Paysafecard Buchmacher - SportsBettingBros","robots":{"index":"index","follow":"follow","max-snippet":"max-snippet:-1","max-image-preview":"max-image-preview:large","max-video-preview":"max-video-preview:-1"},"canonical":"https:\/\/sportsbettingbros.com\/de\/deposit\/paysafecard\/","og_locale":"de_DE","og_type":"article","og_title":"Paysafecard Buchmacher - SportsBettingBros","og_description":"Die Welt der Online-Gl\u00fccksspiele h\u00f6rt nie auf, uns zu erstaunen; angefangen bei den aufregenden Spielen bis hin zu den vielf\u00e4ltigen Einzahlungsmethoden, die sie immer wieder aufs Neue anbieten. Hier kommt die Einzahlung mit Paysafecard ins Spiel. Wenn Sie noch nie... Read more &raquo;","og_url":"https:\/\/sportsbettingbros.com\/de\/deposit\/paysafecard\/","og_site_name":"SportsBettingBros","article_modified_time":"2020-04-02T09:41:37+00:00","twitter_card":"summary_large_image","twitter_misc":{"Gesch\u00e4tzte Lesezeit":"5\u00a0Minuten"},"schema":{"@context":"https:\/\/schema.org","@graph":[{"@type":"WebSite","@id":"https:\/\/sportsbettingbros.com\/de\/#website","url":"https:\/\/sportsbettingbros.com\/de\/","name":"SportsBettingBros","description":"","potentialAction":[{"@type":"SearchAction","target":{"@type":"EntryPoint","urlTemplate":"https:\/\/sportsbettingbros.com\/de\/?s={search_term_string}"},"query-input":"required name=search_term_string"}],"inLanguage":"de"},{"@type":"WebPage","@id":"https:\/\/sportsbettingbros.com\/de\/deposit\/paysafecard\/","url":"https:\/\/sportsbettingbros.com\/de\/deposit\/paysafecard\/","name":"Paysafecard Buchmacher - SportsBettingBros","isPartOf":{"@id":"https:\/\/sportsbettingbros.com\/de\/#website"},"datePublished":"2019-01-16T11:48:05+00:00","dateModified":"2020-04-02T09:41:37+00:00","breadcrumb":{"@id":"https:\/\/sportsbettingbros.com\/de\/deposit\/paysafecard\/#breadcrumb"},"inLanguage":"de","potentialAction":[{"@type":"ReadAction","target":["https:\/\/sportsbettingbros.com\/de\/deposit\/paysafecard\/"]}]},{"@type":"BreadcrumbList","@id":"https:\/\/sportsbettingbros.com\/de\/deposit\/paysafecard\/#breadcrumb","itemListElement":[{"@type":"ListItem","position":1,"name":"Home","item":"https:\/\/sportsbettingbros.com\/de\/"},{"@type":"ListItem","position":2,"name":"Einzahlung und Auszahlung bei online Buchmachern","item":"https:\/\/sportsbettingbros.com\/de\/deposit\/"},{"@type":"ListItem","position":3,"name":"Paysafecard Buchmacher"}]}]}},"_links":{"self":[{"href":"https:\/\/sportsbettingbros.com\/de\/wp-json\/wp\/v2\/pages\/49"}],"collection":[{"href":"https:\/\/sportsbettingbros.com\/de\/wp-json\/wp\/v2\/pages"}],"about":[{"href":"https:\/\/sportsbettingbros.com\/de\/wp-json\/wp\/v2\/types\/page"}],"author":[{"embeddable":true,"href":"https:\/\/sportsbettingbros.com\/de\/wp-json\/wp\/v2\/users\/1"}],"replies":[{"embeddable":true,"href":"https:\/\/sportsbettingbros.com\/de\/wp-json\/wp\/v2\/comments?post=49"}],"version-history":[{"count":4,"href":"https:\/\/sportsbettingbros.com\/de\/wp-json\/wp\/v2\/pages\/49\/revisions"}],"predecessor-version":[{"id":137300,"href":"https:\/\/sportsbettingbros.com\/de\/wp-json\/wp\/v2\/pages\/49\/revisions\/137300"}],"up":[{"embeddable":true,"href":"https:\/\/sportsbettingbros.com\/de\/wp-json\/wp\/v2\/pages\/34"}],"wp:attachment":[{"href":"https:\/\/sportsbettingbros.com\/de\/wp-json\/wp\/v2\/media?parent=49"}],"curies":[{"name":"wp","href":"https:\/\/api.w.org\/{rel}","templated":true}]}}