{"id":52,"date":"2019-01-16T12:48:29","date_gmt":"2019-01-16T11:48:29","guid":{"rendered":"https:\/\/sportsbettingbros.com\/?page_id=52"},"modified":"2020-04-02T11:43:51","modified_gmt":"2020-04-02T09:43:51","slug":"skrill","status":"publish","type":"page","link":"https:\/\/sportsbettingbros.com\/de\/deposit\/skrill\/","title":{"rendered":"Skrill f\u00fcr Sportwetten: Auch 2019 noch eine gute Wahl"},"content":{"rendered":"\n<p>Skrill ist ein eWallet oder eine ePayment, die eine \u00e4hnliche Form wie PayPal haben. Es fungiert als Vermittler zwischen Ihnen, dem Wettanbieter, und der Online-Sportwettenplattform. Als eine Form der Online-Zahlungsoption ist sie eine der begehrtesten und in der Online-Gl\u00fccksspielindustrie sehr verbreitet. Tats\u00e4chlich ist sie bisher nur in der amerikanischen Sportwettenindustrie als Zahlungsmittel integriert.<\/p>\n\n\n\n<p>Als eine der beliebtesten Zahlungsoptionen haben die meisten Online-Sportwettenanbieter ihre Plattformen mit Blick auf die Integration von Skrill konzipiert. Einige haben sogar Boni, die die Spieler nach der Einzahlung mit Skrill in Anspruch nehmen k\u00f6nnen.<\/p>\n\n\n\n<h2>Top-Skrill-Sportwettenseiten<\/h2>\n\n\n\n<h3>Wie Sie ein Sportwetten ausw\u00e4hlen, das Skrill unterst\u00fctzt<\/h3>\n\n\n\n<p>Manchmal ist es in Ordnung, nicht aus unserer empfohlenen Liste von Skrill-Buchmachern zu w\u00e4hlen. Bei der gro\u00dfen Auswahl an Websites, aus denen Sie w\u00e4hlen k\u00f6nnen, ben\u00f6tigen Sie jedoch diesen praktischen Leitfaden, um die beste Option zu finden. Die untenstehende Liste enth\u00e4lt die wichtigsten Merkmale, nach denen Sie bei Ihrer Auswahl suchen sollten.<\/p>\n\n\n\n<h3>Suchen Sie nach einer Website mit den besten Quoten<\/h3>\n\n\n\n<p>Online-Sportwettenseiten k\u00f6nnen Ihnen durch ihre Sportveranstaltungen die besten Quoten anbieten. Sie k\u00f6nnen sich \u00fcber die Quoten der Plattform informieren, indem Sie den RTP-Pr\u00fcfbericht lesen, der im Abschnitt Allgemeine Gesch\u00e4ftsbedingungen leicht zug\u00e4nglich ist.<\/p>\n\n\n\n<h3>Arten von Sportveranstaltungen und M\u00e4rkten<\/h3>\n\n\n\n<p>Nicht alle Buchmacher bieten die gleichen Sportveranstaltungen an. Daher ist es wichtig, dass Sie einen Standort w\u00e4hlen, an dem eine Sportveranstaltung stattfindet, die Ihnen gut bekannt ist. Wenn Sie zum Beispiel gerne auf Fu\u00dfball wetten, muss es Fu\u00dfballveranstaltungen aus der ganzen Welt geben, und es m\u00fcssen Hunderte von M\u00e4rkten vorhanden sein, die diese Veranstaltungen begleiten.<\/p>\n\n\n\n<h3>Sehen Sie sich die Datensicherheit an<\/h3>\n\n\n\n<p>Bitte stellen Sie immer sicher, dass Sie sich nur an seri\u00f6se Online-Sportwetten-Plattformen halten. Schauen Sie sich dabei an, welche Ma\u00dfnahmen sie zum Schutz der Informationen ergriffen haben. Schauen Sie sich auch die Softwareanbieter und andere Zahlungsoptionen an, mit denen sie zusammenarbeiten. Sie sollten ein guter Indikator f\u00fcr die Art der Plattform sein, bei der Sie sich anmelden wollen.<\/p>\n\n\n\n<h2>Vorteile der Nutzung von Skrill<\/h2>\n\n\n\n<p>Erstens ist es an sich schon ein gro\u00dfer Vorteil, dass es eine weit verbreitete Zahlungsoption f\u00fcr mehrere Online-Buchmacher ist.<\/p>\n\n\n\n<p>Zweitens ist es eine einfach zu verwendende Zahlungsoption. Um eine Einzahlung oder Abhebung von Ihrem Skrill-Konto vorzunehmen, m\u00fcssen Sie sich nur in Ihr Buchmacher-Konto einloggen, Skrill als Zahlungsoption w\u00e4hlen, die beabsichtigte Transaktion durchf\u00fchren und die Transaktion autorisieren. Sie werden au\u00dfer Ihren Login-Daten nicht nach weiteren Informationen gefragt. Dieser ganze Prozess \u00fcbertrifft sicherlich den langen, m\u00fchsamen Prozess der Eingabe Ihrer Kartendaten.<\/p>\n\n\n\n<p>Drittens hat Skrill einen sehr gro\u00dfen Vorteil, wenn es um die Geschwindigkeit geht, mit der es die Transaktionen durchf\u00fchrt. Alle \u00fcber Skrill get\u00e4tigten Einzahlungen erfolgen sofort. Abhebungen dauern nur wenige Stunden, maximal 12 Stunden f\u00fcr die Auszahlung.<\/p>\n\n\n\n<p>Und schlie\u00dflich ist das von Skrill gebotene Schutz- und Sicherheitsniveau extrem hoch. Dadurch wird sichergestellt, dass alle Transaktionen, die \u00fcber Skrill auf Ihrer bevorzugten Plattform durchgef\u00fchrt werden, sehr sicher und gesch\u00fctzt sind.<\/p>\n\n\n\n<h2>Nachteil der Verwendung von Skrill<\/h2>\n\n\n\n<p>Es ist klar, dass Skrill eines der marktf\u00fchrenden eWallets ist, das in der Branche gesch\u00e4tzt, vertraut und weithin angenommen wird. Doch trotz aller Liebe, die diese Zahlungsmethode online erh\u00e4lt, hat sie immer noch einige Nachteile. Schlie\u00dflich befinden wir uns in einer realen Welt, in der es nichts gibt, das jemals 100%ig perfekt ist.<\/p>\n\n\n\n<p>Der Hauptnachteil entsteht bei Werbeaktionen. Die Mehrheit der Websites hat keine Angebote f\u00fcr Einzahlungen \u00fcber Skrill. Zum Gl\u00fcck leiden nicht alle bei SportBettingBros aufgef\u00fchrten Buchmacher unter diesem Mangel.<\/p>\n\n\n\n<p>Au\u00dferdem gibt es einen gro\u00dfen Anteil von Online-Buchmachern, die Ihnen die Nutzung von Skrill als bevorzugte Methode in Rechnung stellen. Die Geb\u00fchren gelten sowohl f\u00fcr Ein- als auch f\u00fcr Auszahlungen.<\/p>\n\n\n\n<p>Daher lohnt es sich in der Regel, ein paar Sekunden zu sparen, um einen Blick auf das Kleingedruckte auf jeder Sportwetten-Website zu werfen, die Skrill unterst\u00fctzt.<\/p>\n\n\n\n<h2>Einzahlung mit Skrill<\/h2>\n\n\n\n<p>Die Einzahlung \u00fcber Skrill ist ein m\u00fcheloser und schmerzloser Prozess. Wenn Sie bereits Einzahlungen mit Kredit-\/Debitkarten vorgenommen haben, sollten Sie wissen, dass der Skrill-Drill einfach genug zu implementieren ist. Tats\u00e4chlich wird die Einzahlung auf Ihr Konto mit Skrill nicht einfacher.<\/p>\n\n\n\n<p>Um eine Einzahlung vornehmen zu k\u00f6nnen, ben\u00f6tigen Sie nat\u00fcrlich ein Skrill-Konto, das \u00fcber ein Guthaben verf\u00fcgt. Danach k\u00f6nnen Sie jederzeit das unten stehende Verfahren befolgen, um Ihr Konto aufzuladen.<\/p>\n\n\n\n<h2>Besuchen Sie die Bankseite<\/h2>\n\n\n\n<p>W\u00e4hlen Sie Skrill als Ihre bevorzugte Methode der Einzahlung.<\/p>\n\n\n\n<p>Sobald Sie das Feld markiert haben, erscheint automatisch die Skrill-Anmeldeseite. Geben Sie Ihre Skrill-E-Mail und Ihr Passwort ein.<\/p>\n\n\n\n<p>Geben Sie den Betrag ein, den Sie einzahlen m\u00f6chten<\/p>\n\n\n\n<p>Best\u00e4tigen Sie Ihre Transaktion, indem Sie auf die Schaltfl\u00e4che Einzahlung klicken. Das Geld wird Ihrem Konto automatisch gutgeschrieben.<\/p>\n\n\n\n<p>So einfach ist es wirklich. Und einer der gr\u00f6\u00dften Vorteile von Einzahlungen \u00fcber Skrill ist die Schnelligkeit der Transaktion. Ihre Gelder stehen Ihnen sofort zur Verf\u00fcgung!<\/p>\n\n\n\n<h2>Abhebung \u00fcber Skrill<\/h2>\n\n\n\n<p>Die Abhebung Ihrer Gewinne vom Konto Ihres Buchmachers auf das Skrill-Konto ist ebenfalls ein leicht durchf\u00fchrbares Verfahren. So k\u00f6nnen Sie den Vorgang durchf\u00fchren.<\/p>\n\n\n\n<p>Klicken Sie auf der Bankseite auf die Schaltfl\u00e4che &#8222;Abheben&#8220;.<\/p>\n\n\n\n<p>Geben Sie den Betrag ein, den Sie von Ihrem Konto abheben m\u00f6chten<\/p>\n\n\n\n<p>W\u00e4hlen Sie Skrill als Ihre bevorzugte Methode. Manchmal m\u00fcssen Sie sich m\u00f6glicherweise in Ihr Skrill-Konto einloggen, um die Transaktion abzuschlie\u00dfen.<\/p>\n\n\n\n<p>Zus\u00e4tzliche Kosten nach der Auszahlung Ihrer Gewinne<\/p>\n\n\n\n<p>Die Mehrheit der Skrill-Transaktionen bei den Buchmachern sind in der Regel zu 100% kostenlos. Es kann jedoch sein, dass Ihnen zus\u00e4tzliche Kosten entstehen, wenn Sie das Geld von Skrill auf andere Zahlungsplattformen abheben. Nachstehend finden Sie eine kurze Aufschl\u00fcsselung aller Zusatzkosten.<\/p>\n\n\n\n<h2>Auferlegte Geb\u00fchren f\u00fcr die Zahlungsart Skrill<\/h2>\n\n\n\n<p>Geldtransfer 5,5% Kommission<\/p>\n\n\n\n<p>Bank\u00fcberweisung 5,50% Kommission<\/p>\n\n\n\n<p>Bankwechsel Nicht anwendbar<\/p>\n\n\n\n<p>Kreditkarten 7,5% Kommission<\/p>\n\n\n\n<h2>Skrill-Sicherheit<\/h2>\n\n\n\n<p>Einer der gr\u00f6\u00dften Vorteile der Verwendung von seri\u00f6sen eWallets wie Skrill f\u00fcr Transaktionen ergibt sich aus dem hohen Schutz und der Sicherheit, die in diesen eingebettet sind. Es ist einfach das Beste vom Besten, was bedeutet, dass alle Ihre Transaktionen absolut sicher sind. Skrill bietet Sicherheit auf dem neuesten Stand der Technik. Sollten Sie jedoch auf Probleme sto\u00dfen, k\u00f6nnen Sie sich jederzeit an das Kundensupport-Team wenden. Nachstehend finden Sie die Kontaktdaten des Kunden-Support-Teams.<\/p>\n\n\n\n<p>Skrill-VIP-Hotline &#8211; +44 (0) 203 608 1405<\/p>\n\n\n\n<p>Skrill VIP-E-Mail &#8211; vip@Skrill.com<\/p>\n\n\n\n<p>Twitter &#8211; @skrill<\/p>\n\n\n\n<p>Die Hotline ist normalerweise von 0900 Uhr GMT bis 1800 Uhr GMT ge\u00f6ffnet. Die typische Antwortzeit auf alle E-Mails liegt zwischen 12-24 Stunden. Tweets hingegen werden innerhalb von maximal 6 Stunden beantwortet.<\/p>\n\n\n\n<h2>Merkmale von Skrill<\/h2>\n\n\n\n<p>Die Mehrheit der Skrill-Kunden findet die von Skrill angebotenen Dienstleistungen passend und profitiert von einer Reihe von Funktionen. Dazu geh\u00f6ren die folgenden.<\/p>\n\n\n\n<p>Skrill Loyalty Club &#8211; \u00dcber den Loyalty Club erhalten Sie f\u00fcr jeden \u00fcberwiesenen $1 einen Punkt. Die Punkte k\u00f6nnen Sie jederzeit im VIP-Shop verwenden.<\/p>\n\n\n\n<p>Skrill-VIP-Programm &#8211; Wenn Sie diesen Service h\u00e4ufig nutzen, k\u00f6nnen Sie die eWallets-VIP-Stufen Bronze, Silber und Gold durchlaufen. Auf der h\u00f6chsten Stufe erhalten Sie Zugang zu niedrigeren Umtausch- und Hochladegeb\u00fchren, bessere Transfer- und Auszahlungslimits und &#8211; was wichtig ist &#8211; mehrere Multi-W\u00e4hrungsoptionen.<\/p>\n\n\n\n<p>Sicherheits-Token &#8211; Dies gilt auch f\u00fcr die VIP-Levels, bei denen die Wettteilnehmer durch das Skrill-Sicherheits-Token eine 100%ige Geldgarantie erhalten.<\/p>\n\n\n\n<h2>Schlussfolgerung<\/h2>\n\n\n\n<p>Die Leute, die hinter der Bezahlung von Skrill-Sportwetten-Websites stehen, verstehen voll und ganz, dass die Spieler, die Skrill nutzen, eine Plattform wollen, die zuverl\u00e4ssig, schnell und sicher ist. Und sie haben ihre Plattform so gestaltet, dass sie all diese Funktionen nahtlos integrieren kann. Wir empfehlen Ihnen dringend, es auf einigen der oben empfohlenen Plattformen auszuprobieren.<\/p>\n","protected":false},"excerpt":{"rendered":"<p>Skrill ist ein eWallet oder eine ePayment, die eine \u00e4hnliche Form wie PayPal haben. Es fungiert als Vermittler zwischen Ihnen, dem Wettanbieter, und der Online-Sportwettenplattform. Als eine Form der Online-Zahlungsoption ist sie eine der begehrtesten und in der Online-Gl\u00fccksspielindustrie sehr<a class=\"excerpt-read-more\" href=\"https:\/\/sportsbettingbros.com\/de\/deposit\/skrill\/\" title=\"ReadSkrill f\u00fcr Sportwetten: Auch 2019 noch eine gute Wahl\">&#8230; Read more &raquo;<\/a><\/p>\n","protected":false},"author":1,"featured_media":0,"parent":34,"menu_order":0,"comment_status":"closed","ping_status":"closed","template":"","meta":[],"yoast_head":"<!-- This site is optimized with the Yoast SEO plugin v19.4 - https:\/\/yoast.com\/wordpress\/plugins\/seo\/ -->\n<title>Skrill f\u00fcr Sportwetten: Auch 2019 noch eine gute Wahl - SportsBettingBros<\/title>\n<meta name=\"robots\" content=\"index, follow, max-snippet:-1, max-image-preview:large, max-video-preview:-1\" \/>\n<link rel=\"canonical\" href=\"https:\/\/sportsbettingbros.com\/de\/deposit\/skrill\/\" \/>\n<meta property=\"og:locale\" content=\"de_DE\" \/>\n<meta property=\"og:type\" content=\"article\" \/>\n<meta property=\"og:title\" content=\"Skrill f\u00fcr Sportwetten: Auch 2019 noch eine gute Wahl - SportsBettingBros\" \/>\n<meta property=\"og:description\" content=\"Skrill ist ein eWallet oder eine ePayment, die eine \u00e4hnliche Form wie PayPal haben. Es fungiert als Vermittler zwischen Ihnen, dem Wettanbieter, und der Online-Sportwettenplattform. Als eine Form der Online-Zahlungsoption ist sie eine der begehrtesten und in der Online-Gl\u00fccksspielindustrie sehr... Read more &raquo;\" \/>\n<meta property=\"og:url\" content=\"https:\/\/sportsbettingbros.com\/de\/deposit\/skrill\/\" \/>\n<meta property=\"og:site_name\" content=\"SportsBettingBros\" \/>\n<meta property=\"article:modified_time\" content=\"2020-04-02T09:43:51+00:00\" \/>\n<meta name=\"twitter:card\" content=\"summary_large_image\" \/>\n<meta name=\"twitter:label1\" content=\"Gesch\u00e4tzte Lesezeit\" \/>\n\t<meta name=\"twitter:data1\" content=\"6\u00a0Minuten\" \/>\n<script type=\"application\/ld+json\" class=\"yoast-schema-graph\">{\"@context\":\"https:\/\/schema.org\",\"@graph\":[{\"@type\":\"WebSite\",\"@id\":\"https:\/\/sportsbettingbros.com\/de\/#website\",\"url\":\"https:\/\/sportsbettingbros.com\/de\/\",\"name\":\"SportsBettingBros\",\"description\":\"\",\"potentialAction\":[{\"@type\":\"SearchAction\",\"target\":{\"@type\":\"EntryPoint\",\"urlTemplate\":\"https:\/\/sportsbettingbros.com\/de\/?s={search_term_string}\"},\"query-input\":\"required name=search_term_string\"}],\"inLanguage\":\"de\"},{\"@type\":\"WebPage\",\"@id\":\"https:\/\/sportsbettingbros.com\/de\/deposit\/skrill\/\",\"url\":\"https:\/\/sportsbettingbros.com\/de\/deposit\/skrill\/\",\"name\":\"Skrill f\u00fcr Sportwetten: Auch 2019 noch eine gute Wahl - SportsBettingBros\",\"isPartOf\":{\"@id\":\"https:\/\/sportsbettingbros.com\/de\/#website\"},\"datePublished\":\"2019-01-16T11:48:29+00:00\",\"dateModified\":\"2020-04-02T09:43:51+00:00\",\"breadcrumb\":{\"@id\":\"https:\/\/sportsbettingbros.com\/de\/deposit\/skrill\/#breadcrumb\"},\"inLanguage\":\"de\",\"potentialAction\":[{\"@type\":\"ReadAction\",\"target\":[\"https:\/\/sportsbettingbros.com\/de\/deposit\/skrill\/\"]}]},{\"@type\":\"BreadcrumbList\",\"@id\":\"https:\/\/sportsbettingbros.com\/de\/deposit\/skrill\/#breadcrumb\",\"itemListElement\":[{\"@type\":\"ListItem\",\"position\":1,\"name\":\"Home\",\"item\":\"https:\/\/sportsbettingbros.com\/de\/\"},{\"@type\":\"ListItem\",\"position\":2,\"name\":\"Einzahlung und Auszahlung bei online Buchmachern\",\"item\":\"https:\/\/sportsbettingbros.com\/de\/deposit\/\"},{\"@type\":\"ListItem\",\"position\":3,\"name\":\"Skrill f\u00fcr Sportwetten: Auch 2019 noch eine gute Wahl\"}]}]}<\/script>\n<!-- \/ Yoast SEO plugin. -->","yoast_head_json":{"title":"Skrill f\u00fcr Sportwetten: Auch 2019 noch eine gute Wahl - SportsBettingBros","robots":{"index":"index","follow":"follow","max-snippet":"max-snippet:-1","max-image-preview":"max-image-preview:large","max-video-preview":"max-video-preview:-1"},"canonical":"https:\/\/sportsbettingbros.com\/de\/deposit\/skrill\/","og_locale":"de_DE","og_type":"article","og_title":"Skrill f\u00fcr Sportwetten: Auch 2019 noch eine gute Wahl - SportsBettingBros","og_description":"Skrill ist ein eWallet oder eine ePayment, die eine \u00e4hnliche Form wie PayPal haben. Es fungiert als Vermittler zwischen Ihnen, dem Wettanbieter, und der Online-Sportwettenplattform. Als eine Form der Online-Zahlungsoption ist sie eine der begehrtesten und in der Online-Gl\u00fccksspielindustrie sehr... Read more &raquo;","og_url":"https:\/\/sportsbettingbros.com\/de\/deposit\/skrill\/","og_site_name":"SportsBettingBros","article_modified_time":"2020-04-02T09:43:51+00:00","twitter_card":"summary_large_image","twitter_misc":{"Gesch\u00e4tzte Lesezeit":"6\u00a0Minuten"},"schema":{"@context":"https:\/\/schema.org","@graph":[{"@type":"WebSite","@id":"https:\/\/sportsbettingbros.com\/de\/#website","url":"https:\/\/sportsbettingbros.com\/de\/","name":"SportsBettingBros","description":"","potentialAction":[{"@type":"SearchAction","target":{"@type":"EntryPoint","urlTemplate":"https:\/\/sportsbettingbros.com\/de\/?s={search_term_string}"},"query-input":"required name=search_term_string"}],"inLanguage":"de"},{"@type":"WebPage","@id":"https:\/\/sportsbettingbros.com\/de\/deposit\/skrill\/","url":"https:\/\/sportsbettingbros.com\/de\/deposit\/skrill\/","name":"Skrill f\u00fcr Sportwetten: Auch 2019 noch eine gute Wahl - SportsBettingBros","isPartOf":{"@id":"https:\/\/sportsbettingbros.com\/de\/#website"},"datePublished":"2019-01-16T11:48:29+00:00","dateModified":"2020-04-02T09:43:51+00:00","breadcrumb":{"@id":"https:\/\/sportsbettingbros.com\/de\/deposit\/skrill\/#breadcrumb"},"inLanguage":"de","potentialAction":[{"@type":"ReadAction","target":["https:\/\/sportsbettingbros.com\/de\/deposit\/skrill\/"]}]},{"@type":"BreadcrumbList","@id":"https:\/\/sportsbettingbros.com\/de\/deposit\/skrill\/#breadcrumb","itemListElement":[{"@type":"ListItem","position":1,"name":"Home","item":"https:\/\/sportsbettingbros.com\/de\/"},{"@type":"ListItem","position":2,"name":"Einzahlung und Auszahlung bei online Buchmachern","item":"https:\/\/sportsbettingbros.com\/de\/deposit\/"},{"@type":"ListItem","position":3,"name":"Skrill f\u00fcr Sportwetten: Auch 2019 noch eine gute Wahl"}]}]}},"_links":{"self":[{"href":"https:\/\/sportsbettingbros.com\/de\/wp-json\/wp\/v2\/pages\/52"}],"collection":[{"href":"https:\/\/sportsbettingbros.com\/de\/wp-json\/wp\/v2\/pages"}],"about":[{"href":"https:\/\/sportsbettingbros.com\/de\/wp-json\/wp\/v2\/types\/page"}],"author":[{"embeddable":true,"href":"https:\/\/sportsbettingbros.com\/de\/wp-json\/wp\/v2\/users\/1"}],"replies":[{"embeddable":true,"href":"https:\/\/sportsbettingbros.com\/de\/wp-json\/wp\/v2\/comments?post=52"}],"version-history":[{"count":3,"href":"https:\/\/sportsbettingbros.com\/de\/wp-json\/wp\/v2\/pages\/52\/revisions"}],"predecessor-version":[{"id":137301,"href":"https:\/\/sportsbettingbros.com\/de\/wp-json\/wp\/v2\/pages\/52\/revisions\/137301"}],"up":[{"embeddable":true,"href":"https:\/\/sportsbettingbros.com\/de\/wp-json\/wp\/v2\/pages\/34"}],"wp:attachment":[{"href":"https:\/\/sportsbettingbros.com\/de\/wp-json\/wp\/v2\/media?parent=52"}],"curies":[{"name":"wp","href":"https:\/\/api.w.org\/{rel}","templated":true}]}}